{"id":19929,"date":"2025-05-30T17:29:57","date_gmt":"2025-05-30T17:29:57","guid":{"rendered":"https:\/\/imaqmexico.com\/?post_type=product&#038;p=19929"},"modified":"2026-05-05T15:28:45","modified_gmt":"2026-05-05T15:28:45","slug":"termo-acero-maxi-600-ml-rosa","status":"publish","type":"product","link":"https:\/\/imaqmexico.com\/index.php\/product\/termo-acero-maxi-600-ml-rosa\/","title":{"rendered":"TERMO ACERO MAXI 600 ML ROSA"},"content":{"rendered":"<p>Termo de acero inoxidable que cuenta con doble pared para mantener bebidas fr\u00edas y calientes, evita derrames por contar con clip de seguridad en la tapa.<\/p>\n<p>Material: Acero.<\/p>\n<p>Capacidad: 600 ml.<\/p>\n<p>Empaque: 25 pzas.<\/p>\n<p>T\u00e9cnica: Grabado l\u00e1ser, serigraf\u00ed\u00ada y tampograf\u00ed\u00ada.<\/p>\n","protected":false},"excerpt":{"rendered":"<p>Termo de acero inoxidable que cuenta con doble pared para mantener bebidas fr\u00edas y calientes, evita derrames por contar con clip de seguridad en la tapa. Material: Acero. Capacidad: 600 ml. Empaque: 25 pzas. T\u00e9cnica: Grabado l\u00e1ser, serigraf\u00ed\u00ada y tampograf\u00ed\u00ada.<\/p>\n","protected":false},"featured_media":20001,"comment_status":"open","ping_status":"closed","template":"","meta":{"_eb_attr":""},"product_cat":[2201,2238],"product_tag":[2239],"_links":{"self":[{"href":"https:\/\/imaqmexico.com\/index.php\/wp-json\/wp\/v2\/product\/19929"}],"collection":[{"href":"https:\/\/imaqmexico.com\/index.php\/wp-json\/wp\/v2\/product"}],"about":[{"href":"https:\/\/imaqmexico.com\/index.php\/wp-json\/wp\/v2\/types\/product"}],"replies":[{"embeddable":true,"href":"https:\/\/imaqmexico.com\/index.php\/wp-json\/wp\/v2\/comments?post=19929"}],"version-history":[{"count":1,"href":"https:\/\/imaqmexico.com\/index.php\/wp-json\/wp\/v2\/product\/19929\/revisions"}],"predecessor-version":[{"id":19931,"href":"https:\/\/imaqmexico.com\/index.php\/wp-json\/wp\/v2\/product\/19929\/revisions\/19931"}],"wp:featuredmedia":[{"embeddable":true,"href":"https:\/\/imaqmexico.com\/index.php\/wp-json\/wp\/v2\/media\/20001"}],"wp:attachment":[{"href":"https:\/\/imaqmexico.com\/index.php\/wp-json\/wp\/v2\/media?parent=19929"}],"wp:term":[{"taxonomy":"product_cat","embeddable":true,"href":"https:\/\/imaqmexico.com\/index.php\/wp-json\/wp\/v2\/product_cat?post=19929"},{"taxonomy":"product_tag","embeddable":true,"href":"https:\/\/imaqmexico.com\/index.php\/wp-json\/wp\/v2\/product_tag?post=19929"}],"curies":[{"name":"wp","href":"https:\/\/api.w.org\/{rel}","templated":true}]}}