{"id":19928,"date":"2025-05-30T17:28:43","date_gmt":"2025-05-30T17:28:43","guid":{"rendered":"https:\/\/imaqmexico.com\/?post_type=product&#038;p=19928"},"modified":"2026-04-30T15:31:09","modified_gmt":"2026-04-30T15:31:09","slug":"termo-acero-maxi-600-ml-rojo","status":"publish","type":"product","link":"https:\/\/imaqmexico.com\/index.php\/product\/termo-acero-maxi-600-ml-rojo\/","title":{"rendered":"TERMO ACERO MAXI 600 ML ROJO"},"content":{"rendered":"<p>Termo de acero inoxidable que cuenta con doble pared para mantener bebidas fr\u00edas y calientes, evita derrames por contar con clip de seguridad en la tapa.<\/p>\n<p>Material: Acero.<\/p>\n<p>Capacidad: 600 ml.<\/p>\n<p>Empaque: 25 pzas.<\/p>\n<p>T\u00e9cnica: Grabado l\u00e1ser, serigraf\u00ed\u00ada y tampograf\u00ed\u00ada.<\/p>\n","protected":false},"excerpt":{"rendered":"<p>Termo de acero inoxidable que cuenta con doble pared para mantener bebidas fr\u00edas y calientes, evita derrames por contar con clip de seguridad en la tapa. Material: Acero. Capacidad: 600 ml. Empaque: 25 pzas. T\u00e9cnica: Grabado l\u00e1ser, serigraf\u00ed\u00ada y tampograf\u00ed\u00ada.<\/p>\n","protected":false},"featured_media":20000,"comment_status":"open","ping_status":"closed","template":"","meta":{"_eb_attr":""},"product_cat":[2201,2238],"product_tag":[2239],"_links":{"self":[{"href":"https:\/\/imaqmexico.com\/index.php\/wp-json\/wp\/v2\/product\/19928"}],"collection":[{"href":"https:\/\/imaqmexico.com\/index.php\/wp-json\/wp\/v2\/product"}],"about":[{"href":"https:\/\/imaqmexico.com\/index.php\/wp-json\/wp\/v2\/types\/product"}],"replies":[{"embeddable":true,"href":"https:\/\/imaqmexico.com\/index.php\/wp-json\/wp\/v2\/comments?post=19928"}],"version-history":[{"count":1,"href":"https:\/\/imaqmexico.com\/index.php\/wp-json\/wp\/v2\/product\/19928\/revisions"}],"predecessor-version":[{"id":19930,"href":"https:\/\/imaqmexico.com\/index.php\/wp-json\/wp\/v2\/product\/19928\/revisions\/19930"}],"wp:featuredmedia":[{"embeddable":true,"href":"https:\/\/imaqmexico.com\/index.php\/wp-json\/wp\/v2\/media\/20000"}],"wp:attachment":[{"href":"https:\/\/imaqmexico.com\/index.php\/wp-json\/wp\/v2\/media?parent=19928"}],"wp:term":[{"taxonomy":"product_cat","embeddable":true,"href":"https:\/\/imaqmexico.com\/index.php\/wp-json\/wp\/v2\/product_cat?post=19928"},{"taxonomy":"product_tag","embeddable":true,"href":"https:\/\/imaqmexico.com\/index.php\/wp-json\/wp\/v2\/product_tag?post=19928"}],"curies":[{"name":"wp","href":"https:\/\/api.w.org\/{rel}","templated":true}]}}