{"id":19920,"date":"2025-05-30T17:26:24","date_gmt":"2025-05-30T17:26:24","guid":{"rendered":"https:\/\/imaqmexico.com\/?post_type=product&#038;p=19920"},"modified":"2026-05-05T15:28:44","modified_gmt":"2026-05-05T15:28:44","slug":"termo-acero-maxi-600-ml-blanco","status":"publish","type":"product","link":"https:\/\/imaqmexico.com\/index.php\/product\/termo-acero-maxi-600-ml-blanco\/","title":{"rendered":"TERMO ACERO MAXI 600 ML BLANCO"},"content":{"rendered":"<p>Termo de acero inoxidable que cuenta con doble pared para mantener bebidas fr\u00edas y calientes, evita derrames por contar con clip de seguridad en la tapa.<\/p>\n<p>Material: Acero.<\/p>\n<p>Capacidad: 600 ml.<\/p>\n<p>Empaque: 25 pzas.<\/p>\n<p>T\u00e9cnica: Grabado l\u00e1ser, serigraf\u00ed\u00ada y tampograf\u00ed\u00ada.<\/p>\n","protected":false},"excerpt":{"rendered":"<p>Termo de acero inoxidable que cuenta con doble pared para mantener bebidas fr\u00edas y calientes, evita derrames por contar con clip de seguridad en la tapa. Material: Acero. Capacidad: 600 ml. Empaque: 25 pzas. T\u00e9cnica: Grabado l\u00e1ser, serigraf\u00ed\u00ada y tampograf\u00ed\u00ada.<\/p>\n","protected":false},"featured_media":19997,"comment_status":"open","ping_status":"closed","template":"","meta":{"_eb_attr":""},"product_cat":[2201,2238],"product_tag":[2239],"_links":{"self":[{"href":"https:\/\/imaqmexico.com\/index.php\/wp-json\/wp\/v2\/product\/19920"}],"collection":[{"href":"https:\/\/imaqmexico.com\/index.php\/wp-json\/wp\/v2\/product"}],"about":[{"href":"https:\/\/imaqmexico.com\/index.php\/wp-json\/wp\/v2\/types\/product"}],"replies":[{"embeddable":true,"href":"https:\/\/imaqmexico.com\/index.php\/wp-json\/wp\/v2\/comments?post=19920"}],"version-history":[{"count":1,"href":"https:\/\/imaqmexico.com\/index.php\/wp-json\/wp\/v2\/product\/19920\/revisions"}],"predecessor-version":[{"id":19927,"href":"https:\/\/imaqmexico.com\/index.php\/wp-json\/wp\/v2\/product\/19920\/revisions\/19927"}],"wp:featuredmedia":[{"embeddable":true,"href":"https:\/\/imaqmexico.com\/index.php\/wp-json\/wp\/v2\/media\/19997"}],"wp:attachment":[{"href":"https:\/\/imaqmexico.com\/index.php\/wp-json\/wp\/v2\/media?parent=19920"}],"wp:term":[{"taxonomy":"product_cat","embeddable":true,"href":"https:\/\/imaqmexico.com\/index.php\/wp-json\/wp\/v2\/product_cat?post=19920"},{"taxonomy":"product_tag","embeddable":true,"href":"https:\/\/imaqmexico.com\/index.php\/wp-json\/wp\/v2\/product_tag?post=19920"}],"curies":[{"name":"wp","href":"https:\/\/api.w.org\/{rel}","templated":true}]}}