{"id":15723,"date":"2024-05-22T20:43:42","date_gmt":"2024-05-22T20:43:42","guid":{"rendered":"https:\/\/imaqmexico.com\/index.php\/product\/grabadora-laser-fibra-optica-escrt-azul\/"},"modified":"2026-05-05T15:28:22","modified_gmt":"2026-05-05T15:28:22","slug":"grabadora-laser-fibra-optica-escrt-azul","status":"publish","type":"product","link":"https:\/\/imaqmexico.com\/index.php\/product\/grabadora-laser-fibra-optica-escrt-azul\/","title":{"rendered":"GRABADORA LASER FIBRA\/OPTICA ESCRT. AZUL"},"content":{"rendered":"<p>Sistema l\u00e1ser de fibra \u00f3ptica para marcado con sistema galvo de alta velocidad, potencia estable y gran calidad. Su configuraci\u00f3n le permite trabajar 24\/7 ideal por su f\u00e1cil manejo.<\/p>\n<p><strong>Rango de grabado:\u00a0<\/strong> 175 x 175 mm.<\/p>\n<p><strong>Tipo de l\u00e1ser:<\/strong> Nd \u2013 YAG.<\/p>\n<p><strong>Longitud de onda:<\/strong> 1064 nm.<\/p>\n<p><strong>Potencia de l\u00e1ser:<\/strong> 20 W.<\/p>\n<p><strong>Estabilidad de salida:<\/strong> \u00b15%.<\/p>\n<p><strong>Precisi\u00f3n de repetici\u00f3n:<\/strong> \u00b1 0.001 nm.<\/p>\n<p><strong>Profundidad de marcado:<\/strong> .5 mm.<\/p>\n<p><strong>Velocidad m\u00e1xima de marcado:<\/strong> 7000 mm\/s.<\/p>\n<p><strong>Tama\u00f1o min. de car\u00e1cter:\u00a0<\/strong>0.20mm.<\/p>\n<p><strong>Tama\u00f1o min. de l\u00ednea:<\/strong> 0.05mm.<\/p>\n<p><strong>Enfriamiento:<\/strong> Aire forzado.<\/p>\n<p><strong>Voltaje de alimentaci\u00f3n:<\/strong> AC \u2013 110V, 50-60Hz.<\/p>\n<p><strong>Vida \u00fatil de l\u00e1ser:<\/strong> 100,000hrs Aprox.<\/p>\n<p><strong>Compatibilidad con sistema rotativo:<\/strong> Si (no incluido).<\/p>\n<p><strong>Sistema operativo:<\/strong> Win XP \u00f3 superior.<\/p>\n<p><strong>Sistema de computo:<\/strong> si (incluido).<\/p>\n<p><strong>Software:<\/strong> Ezcad 2.<\/p>\n<p><strong>Compatibilidad con extractor:<\/strong> Si (no incluido).<\/p>\n","protected":false},"excerpt":{"rendered":"<p>Sistema l\u00e1ser de fibra \u00f3ptica para marcado con sistema galvo de alta velocidad, potencia estable y gran calidad. Su configuraci\u00f3n le permite trabajar 24\/7 ideal por su f\u00e1cil manejo. Rango de grabado:\u00a0 175 x 175 mm. Tipo de l\u00e1ser: Nd \u2013 YAG. Longitud de onda: 1064 nm. Potencia de l\u00e1ser: 20 W. Estabilidad de salida: \u00b15%. Precisi\u00f3n de repetici\u00f3n: \u00b1 0.001 nm. Profundidad de marcado: .5 mm. Velocidad m\u00e1xima de marcado: 7000 mm\/s. Tama\u00f1o min. de car\u00e1cter:\u00a00.20mm. Tama\u00f1o min. de l\u00ednea: 0.05mm. Enfriamiento: Aire forzado. Voltaje de alimentaci\u00f3n: AC \u2013 110V, 50-60Hz. Vida \u00fatil de l\u00e1ser: 100,000hrs Aprox. Compatibilidad con sistema rotativo: Si (no incluido). Sistema operativo: Win XP \u00f3 superior. Sistema de computo: si (incluido). Software: Ezcad 2. Compatibilidad con extractor: Si (no incluido).<\/p>\n","protected":false},"featured_media":12459,"comment_status":"open","ping_status":"closed","template":"","meta":{"_eb_attr":""},"product_cat":[15,2206],"product_tag":[],"_links":{"self":[{"href":"https:\/\/imaqmexico.com\/index.php\/wp-json\/wp\/v2\/product\/15723"}],"collection":[{"href":"https:\/\/imaqmexico.com\/index.php\/wp-json\/wp\/v2\/product"}],"about":[{"href":"https:\/\/imaqmexico.com\/index.php\/wp-json\/wp\/v2\/types\/product"}],"replies":[{"embeddable":true,"href":"https:\/\/imaqmexico.com\/index.php\/wp-json\/wp\/v2\/comments?post=15723"}],"version-history":[{"count":4,"href":"https:\/\/imaqmexico.com\/index.php\/wp-json\/wp\/v2\/product\/15723\/revisions"}],"predecessor-version":[{"id":18819,"href":"https:\/\/imaqmexico.com\/index.php\/wp-json\/wp\/v2\/product\/15723\/revisions\/18819"}],"wp:featuredmedia":[{"embeddable":true,"href":"https:\/\/imaqmexico.com\/index.php\/wp-json\/wp\/v2\/media\/12459"}],"wp:attachment":[{"href":"https:\/\/imaqmexico.com\/index.php\/wp-json\/wp\/v2\/media?parent=15723"}],"wp:term":[{"taxonomy":"product_cat","embeddable":true,"href":"https:\/\/imaqmexico.com\/index.php\/wp-json\/wp\/v2\/product_cat?post=15723"},{"taxonomy":"product_tag","embeddable":true,"href":"https:\/\/imaqmexico.com\/index.php\/wp-json\/wp\/v2\/product_tag?post=15723"}],"curies":[{"name":"wp","href":"https:\/\/api.w.org\/{rel}","templated":true}]}}