{"id":14879,"date":"2024-05-20T18:22:28","date_gmt":"2024-05-20T18:22:28","guid":{"rendered":"https:\/\/imaqmexico.com\/index.php\/product\/termo-acero-titan-900-ml-verde-claro\/"},"modified":"2026-05-05T15:28:45","modified_gmt":"2026-05-05T15:28:45","slug":"termo-acero-titan-900-ml-verde-claro","status":"publish","type":"product","link":"https:\/\/imaqmexico.com\/index.php\/product\/termo-acero-titan-900-ml-verde-claro\/","title":{"rendered":"TERMO ACERO TITAN 900 ML VERDE CLARO"},"content":{"rendered":"<p>Termo de acero inoxidable tipo yeti, cuenta con doble pared y aislamiento que mantiene las bebidas calientes y fr\u00edas, ayuda a prevenir derrames al conducir por su clip de seguridad en la tapa.<\/p>\n<p><strong>Material:<\/strong>\u00a0Acero Inoxidable<\/p>\n<p><strong>Capacidad:<\/strong>\u00a0900 ml<\/p>\n<p><strong>Empaque:<\/strong>\u00a025 pzas.<\/p>\n<p><strong>T\u00e9cnica:<\/strong>\u00a0Grabado l\u00e1ser, serigraf\u00eda y tampograf\u00eda<\/p>\n","protected":false},"excerpt":{"rendered":"<p>Termo de acero inoxidable tipo yeti, cuenta con doble pared y aislamiento que mantiene las bebidas calientes y fr\u00edas, ayuda a prevenir derrames al conducir por su clip de seguridad en la tapa. Material:\u00a0Acero Inoxidable Capacidad:\u00a0900 ml Empaque:\u00a025 pzas. T\u00e9cnica:\u00a0Grabado l\u00e1ser, serigraf\u00eda y tampograf\u00eda<\/p>\n","protected":false},"featured_media":13611,"comment_status":"open","ping_status":"closed","template":"","meta":{"_eb_attr":""},"product_cat":[2238],"product_tag":[2239],"_links":{"self":[{"href":"https:\/\/imaqmexico.com\/index.php\/wp-json\/wp\/v2\/product\/14879"}],"collection":[{"href":"https:\/\/imaqmexico.com\/index.php\/wp-json\/wp\/v2\/product"}],"about":[{"href":"https:\/\/imaqmexico.com\/index.php\/wp-json\/wp\/v2\/types\/product"}],"replies":[{"embeddable":true,"href":"https:\/\/imaqmexico.com\/index.php\/wp-json\/wp\/v2\/comments?post=14879"}],"version-history":[{"count":3,"href":"https:\/\/imaqmexico.com\/index.php\/wp-json\/wp\/v2\/product\/14879\/revisions"}],"predecessor-version":[{"id":18349,"href":"https:\/\/imaqmexico.com\/index.php\/wp-json\/wp\/v2\/product\/14879\/revisions\/18349"}],"wp:featuredmedia":[{"embeddable":true,"href":"https:\/\/imaqmexico.com\/index.php\/wp-json\/wp\/v2\/media\/13611"}],"wp:attachment":[{"href":"https:\/\/imaqmexico.com\/index.php\/wp-json\/wp\/v2\/media?parent=14879"}],"wp:term":[{"taxonomy":"product_cat","embeddable":true,"href":"https:\/\/imaqmexico.com\/index.php\/wp-json\/wp\/v2\/product_cat?post=14879"},{"taxonomy":"product_tag","embeddable":true,"href":"https:\/\/imaqmexico.com\/index.php\/wp-json\/wp\/v2\/product_tag?post=14879"}],"curies":[{"name":"wp","href":"https:\/\/api.w.org\/{rel}","templated":true}]}}