{"id":13679,"date":"2024-05-17T18:42:13","date_gmt":"2024-05-17T18:42:13","guid":{"rendered":"https:\/\/imaqmexico.com\/?post_type=product&#038;p=13679"},"modified":"2026-05-05T15:28:33","modified_gmt":"2026-05-05T15:28:33","slug":"bolsa-non-woven-con-fuelle","status":"publish","type":"product","link":"https:\/\/imaqmexico.com\/index.php\/product\/bolsa-non-woven-con-fuelle\/","title":{"rendered":"BOLSA NON WOWEN BLANCO C\/FUELLE 35X40X12"},"content":{"rendered":"<p><span style=\"color: #000000;\">Bolsa blanca ecol\u00f3gica para sublimaci\u00f3n con fuelle.<\/span><\/p>\n<p><span style=\"color: #000000;\"><strong>Material:<\/strong> Poli\u00e9ster.<\/span><\/p>\n<p><strong>Empaque: <\/strong>200 pzas.<\/p>\n<p><span style=\"color: #000000;\"><strong>Medida:<\/strong> 35 x 40 x 12 cm.\u00a0<\/span><\/p>\n","protected":false},"excerpt":{"rendered":"<p>Bolsa blanca ecol\u00f3gica para sublimaci\u00f3n con fuelle. Material: Poli\u00e9ster. Empaque: 200 pzas. Medida: 35 x 40 x 12 cm.\u00a0<\/p>\n","protected":false},"featured_media":13750,"comment_status":"open","ping_status":"closed","template":"","meta":{"_eb_attr":""},"product_cat":[2200,2233],"product_tag":[2234],"_links":{"self":[{"href":"https:\/\/imaqmexico.com\/index.php\/wp-json\/wp\/v2\/product\/13679"}],"collection":[{"href":"https:\/\/imaqmexico.com\/index.php\/wp-json\/wp\/v2\/product"}],"about":[{"href":"https:\/\/imaqmexico.com\/index.php\/wp-json\/wp\/v2\/types\/product"}],"replies":[{"embeddable":true,"href":"https:\/\/imaqmexico.com\/index.php\/wp-json\/wp\/v2\/comments?post=13679"}],"version-history":[{"count":7,"href":"https:\/\/imaqmexico.com\/index.php\/wp-json\/wp\/v2\/product\/13679\/revisions"}],"predecessor-version":[{"id":18571,"href":"https:\/\/imaqmexico.com\/index.php\/wp-json\/wp\/v2\/product\/13679\/revisions\/18571"}],"wp:featuredmedia":[{"embeddable":true,"href":"https:\/\/imaqmexico.com\/index.php\/wp-json\/wp\/v2\/media\/13750"}],"wp:attachment":[{"href":"https:\/\/imaqmexico.com\/index.php\/wp-json\/wp\/v2\/media?parent=13679"}],"wp:term":[{"taxonomy":"product_cat","embeddable":true,"href":"https:\/\/imaqmexico.com\/index.php\/wp-json\/wp\/v2\/product_cat?post=13679"},{"taxonomy":"product_tag","embeddable":true,"href":"https:\/\/imaqmexico.com\/index.php\/wp-json\/wp\/v2\/product_tag?post=13679"}],"curies":[{"name":"wp","href":"https:\/\/api.w.org\/{rel}","templated":true}]}}