{"id":13567,"date":"2024-05-17T18:39:59","date_gmt":"2024-05-17T18:39:59","guid":{"rendered":"https:\/\/imaqmexico.com\/?post_type=product&#038;p=13567"},"modified":"2026-05-05T15:28:21","modified_gmt":"2026-05-05T15:28:21","slug":"auto-clam-draw-press-mod-su-pl11-38-x-38-cm","status":"publish","type":"product","link":"https:\/\/imaqmexico.com\/index.php\/product\/auto-clam-draw-press-mod-su-pl11-38-x-38-cm\/","title":{"rendered":"AUTO CLAM DRAW PRESS 38X38CM  SU-PL11"},"content":{"rendered":"<p>Plancha plana semiautom\u00e1tica ideal para art\u00edculos planos como: azulejos, mousepad, textiles, rompecabezas y mucho m\u00e1s&#8230;<\/p>\n<p><strong>Controlador:<\/strong> Ajuste manual de temperatura y tiempo.<\/p>\n<p><strong>Voltaje de Operaci\u00f3n:<\/strong> 110 &#8211; 130 VAC 50\/60 HZ.<\/p>\n<p><strong>Potencia M\u00e1x.:<\/strong> 1600 W.<\/p>\n<p><strong>Corriente:<\/strong> 16 Amp.<\/p>\n<p><strong>Rango de temperatura:<\/strong> 0 &#8211; 220 \u00b0C.<\/p>\n<p><strong>Rango de tiempo:<\/strong> 0 a 999 segundos.<\/p>\n<p><strong>Peso bruto:<\/strong> 35 Kg.<\/p>\n<p><strong>Medida de empaque:<\/strong> 78.5 x 47 x 52 cm.<\/p>\n<p><strong>Empaque:\u00a0<\/strong>1 m\u00e1quina.<\/p>\n<p><strong>Color:<\/strong> Negro.<\/p>\n","protected":false},"excerpt":{"rendered":"<p>Plancha plana semiautom\u00e1tica ideal para art\u00edculos planos como: azulejos, mousepad, textiles, rompecabezas y mucho m\u00e1s&#8230; Controlador: Ajuste manual de temperatura y tiempo. Voltaje de Operaci\u00f3n: 110 &#8211; 130 VAC 50\/60 HZ. Potencia M\u00e1x.: 1600 W. Corriente: 16 Amp. Rango de temperatura: 0 &#8211; 220 \u00b0C. Rango de tiempo: 0 a 999 segundos. Peso bruto: 35 Kg. Medida de empaque: 78.5 x 47 x 52 cm. Empaque:\u00a01 m\u00e1quina. Color: Negro.<\/p>\n","protected":false},"featured_media":13648,"comment_status":"open","ping_status":"closed","template":"","meta":{"_eb_attr":""},"product_cat":[2202],"product_tag":[],"_links":{"self":[{"href":"https:\/\/imaqmexico.com\/index.php\/wp-json\/wp\/v2\/product\/13567"}],"collection":[{"href":"https:\/\/imaqmexico.com\/index.php\/wp-json\/wp\/v2\/product"}],"about":[{"href":"https:\/\/imaqmexico.com\/index.php\/wp-json\/wp\/v2\/types\/product"}],"replies":[{"embeddable":true,"href":"https:\/\/imaqmexico.com\/index.php\/wp-json\/wp\/v2\/comments?post=13567"}],"version-history":[{"count":8,"href":"https:\/\/imaqmexico.com\/index.php\/wp-json\/wp\/v2\/product\/13567\/revisions"}],"predecessor-version":[{"id":19768,"href":"https:\/\/imaqmexico.com\/index.php\/wp-json\/wp\/v2\/product\/13567\/revisions\/19768"}],"wp:featuredmedia":[{"embeddable":true,"href":"https:\/\/imaqmexico.com\/index.php\/wp-json\/wp\/v2\/media\/13648"}],"wp:attachment":[{"href":"https:\/\/imaqmexico.com\/index.php\/wp-json\/wp\/v2\/media?parent=13567"}],"wp:term":[{"taxonomy":"product_cat","embeddable":true,"href":"https:\/\/imaqmexico.com\/index.php\/wp-json\/wp\/v2\/product_cat?post=13567"},{"taxonomy":"product_tag","embeddable":true,"href":"https:\/\/imaqmexico.com\/index.php\/wp-json\/wp\/v2\/product_tag?post=13567"}],"curies":[{"name":"wp","href":"https:\/\/api.w.org\/{rel}","templated":true}]}}