{"id":13564,"date":"2024-05-17T18:39:59","date_gmt":"2024-05-17T18:39:59","guid":{"rendered":"https:\/\/imaqmexico.com\/?post_type=product&#038;p=13564"},"modified":"2026-05-05T15:28:45","modified_gmt":"2026-05-05T15:28:45","slug":"termo-acero-base-corcho-nevada-17-oz-negro-mate","status":"publish","type":"product","link":"https:\/\/imaqmexico.com\/index.php\/product\/termo-acero-base-corcho-nevada-17-oz-negro-mate\/","title":{"rendered":"TERMO ACERO BASE CORCHO NEVADA 17OZ NEGR"},"content":{"rendered":"<p>Termo de acero inoxidable de doble pared con acabado negro mate, tiene detalle tipo corcho en base, tapa transparente con boquilla de seguridad.<\/p>\n<p><strong>Material:<\/strong> Acero inoxidable<\/p>\n<p><strong>Capacidad:<\/strong> 17 oz.<\/p>\n<p><strong>Empaque:<\/strong> 30 pzas.<\/p>\n<p><strong>T\u00e9cnica:<\/strong>\u00a0Grabado l\u00e1ser, serigraf\u00eda y tampograf\u00eda.<\/p>\n","protected":false},"excerpt":{"rendered":"<p>Termo de acero inoxidable de doble pared con acabado negro mate, tiene detalle tipo corcho en base, tapa transparente con boquilla de seguridad. Material: Acero inoxidable Capacidad: 17 oz. Empaque: 30 pzas. T\u00e9cnica:\u00a0Grabado l\u00e1ser, serigraf\u00eda y tampograf\u00eda.<\/p>\n","protected":false},"featured_media":13643,"comment_status":"open","ping_status":"closed","template":"","meta":{"_eb_attr":""},"product_cat":[2201,2238],"product_tag":[2239],"_links":{"self":[{"href":"https:\/\/imaqmexico.com\/index.php\/wp-json\/wp\/v2\/product\/13564"}],"collection":[{"href":"https:\/\/imaqmexico.com\/index.php\/wp-json\/wp\/v2\/product"}],"about":[{"href":"https:\/\/imaqmexico.com\/index.php\/wp-json\/wp\/v2\/types\/product"}],"replies":[{"embeddable":true,"href":"https:\/\/imaqmexico.com\/index.php\/wp-json\/wp\/v2\/comments?post=13564"}],"version-history":[{"count":8,"href":"https:\/\/imaqmexico.com\/index.php\/wp-json\/wp\/v2\/product\/13564\/revisions"}],"predecessor-version":[{"id":18624,"href":"https:\/\/imaqmexico.com\/index.php\/wp-json\/wp\/v2\/product\/13564\/revisions\/18624"}],"wp:featuredmedia":[{"embeddable":true,"href":"https:\/\/imaqmexico.com\/index.php\/wp-json\/wp\/v2\/media\/13643"}],"wp:attachment":[{"href":"https:\/\/imaqmexico.com\/index.php\/wp-json\/wp\/v2\/media?parent=13564"}],"wp:term":[{"taxonomy":"product_cat","embeddable":true,"href":"https:\/\/imaqmexico.com\/index.php\/wp-json\/wp\/v2\/product_cat?post=13564"},{"taxonomy":"product_tag","embeddable":true,"href":"https:\/\/imaqmexico.com\/index.php\/wp-json\/wp\/v2\/product_tag?post=13564"}],"curies":[{"name":"wp","href":"https:\/\/api.w.org\/{rel}","templated":true}]}}