{"id":13562,"date":"2024-05-17T18:39:59","date_gmt":"2024-05-17T18:39:59","guid":{"rendered":"https:\/\/imaqmexico.com\/?post_type=product&#038;p=13562"},"modified":"2026-05-05T15:28:45","modified_gmt":"2026-05-05T15:28:45","slug":"termo-acero-roma-20-oz-plata","status":"publish","type":"product","link":"https:\/\/imaqmexico.com\/index.php\/product\/termo-acero-roma-20-oz-plata\/","title":{"rendered":"TERMO ACERO ROMA 20OZ PLATA"},"content":{"rendered":"<p>Termo con doble pared de acero con popote en tapa con agarradera.<\/p>\n<p><strong>Material:<\/strong>\u00a0Acero Inoxidable<\/p>\n<p><strong>Capacidad:<\/strong> 20 oz.<\/p>\n<p><strong>Empaque:<\/strong>\u00a025 pzas.<\/p>\n<p><strong>T\u00e9cnica:<\/strong>\u00a0Grabado l\u00e1ser, serigraf\u00eda y tampograf\u00eda<\/p>\n","protected":false},"excerpt":{"rendered":"<p>Termo con doble pared de acero con popote en tapa con agarradera. Material:\u00a0Acero Inoxidable Capacidad: 20 oz. Empaque:\u00a025 pzas. T\u00e9cnica:\u00a0Grabado l\u00e1ser, serigraf\u00eda y tampograf\u00eda<\/p>\n","protected":false},"featured_media":13633,"comment_status":"open","ping_status":"closed","template":"","meta":{"_eb_attr":""},"product_cat":[2201,2238],"product_tag":[2239],"_links":{"self":[{"href":"https:\/\/imaqmexico.com\/index.php\/wp-json\/wp\/v2\/product\/13562"}],"collection":[{"href":"https:\/\/imaqmexico.com\/index.php\/wp-json\/wp\/v2\/product"}],"about":[{"href":"https:\/\/imaqmexico.com\/index.php\/wp-json\/wp\/v2\/types\/product"}],"replies":[{"embeddable":true,"href":"https:\/\/imaqmexico.com\/index.php\/wp-json\/wp\/v2\/comments?post=13562"}],"version-history":[{"count":5,"href":"https:\/\/imaqmexico.com\/index.php\/wp-json\/wp\/v2\/product\/13562\/revisions"}],"predecessor-version":[{"id":18354,"href":"https:\/\/imaqmexico.com\/index.php\/wp-json\/wp\/v2\/product\/13562\/revisions\/18354"}],"wp:featuredmedia":[{"embeddable":true,"href":"https:\/\/imaqmexico.com\/index.php\/wp-json\/wp\/v2\/media\/13633"}],"wp:attachment":[{"href":"https:\/\/imaqmexico.com\/index.php\/wp-json\/wp\/v2\/media?parent=13562"}],"wp:term":[{"taxonomy":"product_cat","embeddable":true,"href":"https:\/\/imaqmexico.com\/index.php\/wp-json\/wp\/v2\/product_cat?post=13562"},{"taxonomy":"product_tag","embeddable":true,"href":"https:\/\/imaqmexico.com\/index.php\/wp-json\/wp\/v2\/product_tag?post=13562"}],"curies":[{"name":"wp","href":"https:\/\/api.w.org\/{rel}","templated":true}]}}