{"id":13547,"date":"2024-05-17T18:39:36","date_gmt":"2024-05-17T18:39:36","guid":{"rendered":"https:\/\/imaqmexico.com\/?post_type=product&#038;p=13547"},"modified":"2026-04-30T15:31:09","modified_gmt":"2026-04-30T15:31:09","slug":"termo-botella-acero-monaco-500-ml-rosa-mate","status":"publish","type":"product","link":"https:\/\/imaqmexico.com\/index.php\/product\/termo-botella-acero-monaco-500-ml-rosa-mate\/","title":{"rendered":"TERMO BOTELLA ACERO MONACO 500 ML ROSA"},"content":{"rendered":"<p>Termo con doble pared de acero, cuenta con su agarradera de silic\u00f3n para su mejor transporte, conserva las bebidas calientes y fr\u00edas por m\u00e1s tiempo.<\/p>\n<p><strong>Material:<\/strong> Acero inoxidable.<\/p>\n<p><strong>Capacidad:<\/strong> 500 ml.<\/p>\n<p><strong>Empaque:<\/strong> 30 pzas.<\/p>\n<p><strong>T\u00e9cnica:<\/strong> Grabado l\u00e1ser, serigraf\u00eda y tampograf\u00eda.<\/p>\n","protected":false},"excerpt":{"rendered":"<p>Termo con doble pared de acero, cuenta con su agarradera de silic\u00f3n para su mejor transporte, conserva las bebidas calientes y fr\u00edas por m\u00e1s tiempo. Material: Acero inoxidable. Capacidad: 500 ml. Empaque: 30 pzas. T\u00e9cnica: Grabado l\u00e1ser, serigraf\u00eda y tampograf\u00eda.<\/p>\n","protected":false},"featured_media":13629,"comment_status":"open","ping_status":"closed","template":"","meta":{"_eb_attr":""},"product_cat":[2201,2238],"product_tag":[2239],"_links":{"self":[{"href":"https:\/\/imaqmexico.com\/index.php\/wp-json\/wp\/v2\/product\/13547"}],"collection":[{"href":"https:\/\/imaqmexico.com\/index.php\/wp-json\/wp\/v2\/product"}],"about":[{"href":"https:\/\/imaqmexico.com\/index.php\/wp-json\/wp\/v2\/types\/product"}],"replies":[{"embeddable":true,"href":"https:\/\/imaqmexico.com\/index.php\/wp-json\/wp\/v2\/comments?post=13547"}],"version-history":[{"count":5,"href":"https:\/\/imaqmexico.com\/index.php\/wp-json\/wp\/v2\/product\/13547\/revisions"}],"predecessor-version":[{"id":18620,"href":"https:\/\/imaqmexico.com\/index.php\/wp-json\/wp\/v2\/product\/13547\/revisions\/18620"}],"wp:featuredmedia":[{"embeddable":true,"href":"https:\/\/imaqmexico.com\/index.php\/wp-json\/wp\/v2\/media\/13629"}],"wp:attachment":[{"href":"https:\/\/imaqmexico.com\/index.php\/wp-json\/wp\/v2\/media?parent=13547"}],"wp:term":[{"taxonomy":"product_cat","embeddable":true,"href":"https:\/\/imaqmexico.com\/index.php\/wp-json\/wp\/v2\/product_cat?post=13547"},{"taxonomy":"product_tag","embeddable":true,"href":"https:\/\/imaqmexico.com\/index.php\/wp-json\/wp\/v2\/product_tag?post=13547"}],"curies":[{"name":"wp","href":"https:\/\/api.w.org\/{rel}","templated":true}]}}