{"id":13493,"date":"2024-05-17T18:38:29","date_gmt":"2024-05-17T18:38:29","guid":{"rendered":"https:\/\/imaqmexico.com\/?post_type=product&#038;p=13493"},"modified":"2026-05-05T15:28:44","modified_gmt":"2026-05-05T15:28:44","slug":"termo-lena-plata","status":"publish","type":"product","link":"https:\/\/imaqmexico.com\/index.php\/product\/termo-lena-plata\/","title":{"rendered":"TERMO ACERO LENA 600 ML PLATA"},"content":{"rendered":"<p>Termo de acero inoxidable que ayuda a mantener las bebidas fr\u00edas o clientes por m\u00e1s tiempo, cuenta con tapa transparente y clip de seguridad con popote de acero.<\/p>\n<p><strong>Material:<\/strong> Acero Inoxidable.<\/p>\n<p><strong>Capacidad:<\/strong> 450 ml.<\/p>\n<p><strong>Empaque:<\/strong> 30 pzas.<\/p>\n<p><strong>T\u00e9cnica:<\/strong> Grabado l\u00e1ser, serigraf\u00eda y tampograf\u00eda<\/p>\n","protected":false},"excerpt":{"rendered":"<p>Termo de acero inoxidable que ayuda a mantener las bebidas fr\u00edas o clientes por m\u00e1s tiempo, cuenta con tapa transparente y clip de seguridad con popote de acero. Material: Acero Inoxidable. Capacidad: 450 ml. Empaque: 30 pzas. T\u00e9cnica: Grabado l\u00e1ser, serigraf\u00eda y tampograf\u00eda<\/p>\n","protected":false},"featured_media":13575,"comment_status":"open","ping_status":"closed","template":"","meta":{"_eb_attr":""},"product_cat":[2201,2238],"product_tag":[2239],"_links":{"self":[{"href":"https:\/\/imaqmexico.com\/index.php\/wp-json\/wp\/v2\/product\/13493"}],"collection":[{"href":"https:\/\/imaqmexico.com\/index.php\/wp-json\/wp\/v2\/product"}],"about":[{"href":"https:\/\/imaqmexico.com\/index.php\/wp-json\/wp\/v2\/types\/product"}],"replies":[{"embeddable":true,"href":"https:\/\/imaqmexico.com\/index.php\/wp-json\/wp\/v2\/comments?post=13493"}],"version-history":[{"count":6,"href":"https:\/\/imaqmexico.com\/index.php\/wp-json\/wp\/v2\/product\/13493\/revisions"}],"predecessor-version":[{"id":18603,"href":"https:\/\/imaqmexico.com\/index.php\/wp-json\/wp\/v2\/product\/13493\/revisions\/18603"}],"wp:featuredmedia":[{"embeddable":true,"href":"https:\/\/imaqmexico.com\/index.php\/wp-json\/wp\/v2\/media\/13575"}],"wp:attachment":[{"href":"https:\/\/imaqmexico.com\/index.php\/wp-json\/wp\/v2\/media?parent=13493"}],"wp:term":[{"taxonomy":"product_cat","embeddable":true,"href":"https:\/\/imaqmexico.com\/index.php\/wp-json\/wp\/v2\/product_cat?post=13493"},{"taxonomy":"product_tag","embeddable":true,"href":"https:\/\/imaqmexico.com\/index.php\/wp-json\/wp\/v2\/product_tag?post=13493"}],"curies":[{"name":"wp","href":"https:\/\/api.w.org\/{rel}","templated":true}]}}