{"id":13491,"date":"2024-05-17T18:38:29","date_gmt":"2024-05-17T18:38:29","guid":{"rendered":"https:\/\/imaqmexico.com\/?post_type=product&#038;p=13491"},"modified":"2026-05-05T15:28:44","modified_gmt":"2026-05-05T15:28:44","slug":"termo-milan-amarillo","status":"publish","type":"product","link":"https:\/\/imaqmexico.com\/index.php\/product\/termo-milan-amarillo\/","title":{"rendered":"TERMO ACERO MILAN 450 ML AMARILLO"},"content":{"rendered":"<p>Termo con doble pared de acero, forma cil\u00edndrica con tapa de pl\u00e1stico, incluye goma antiderrapante perfecto para evitar cualquier derrame de bebidas.<\/p>\n<p><strong>Material:<\/strong> Acero inoxidable.<\/p>\n<p><strong>Capacidad:<\/strong> 450 ml.<\/p>\n<p><strong>Empaque:<\/strong> 50 pzas.<\/p>\n<p><strong>T\u00e9cnica:<\/strong> Grabado l\u00e1ser, serigraf\u00eda y tampograf\u00eda.<\/p>\n","protected":false},"excerpt":{"rendered":"<p>Termo con doble pared de acero, forma cil\u00edndrica con tapa de pl\u00e1stico, incluye goma antiderrapante perfecto para evitar cualquier derrame de bebidas. Material: Acero inoxidable. Capacidad: 450 ml. Empaque: 50 pzas. T\u00e9cnica: Grabado l\u00e1ser, serigraf\u00eda y tampograf\u00eda.<\/p>\n","protected":false},"featured_media":13571,"comment_status":"open","ping_status":"closed","template":"","meta":{"_eb_attr":""},"product_cat":[2201,2238],"product_tag":[2239],"_links":{"self":[{"href":"https:\/\/imaqmexico.com\/index.php\/wp-json\/wp\/v2\/product\/13491"}],"collection":[{"href":"https:\/\/imaqmexico.com\/index.php\/wp-json\/wp\/v2\/product"}],"about":[{"href":"https:\/\/imaqmexico.com\/index.php\/wp-json\/wp\/v2\/types\/product"}],"replies":[{"embeddable":true,"href":"https:\/\/imaqmexico.com\/index.php\/wp-json\/wp\/v2\/comments?post=13491"}],"version-history":[{"count":5,"href":"https:\/\/imaqmexico.com\/index.php\/wp-json\/wp\/v2\/product\/13491\/revisions"}],"predecessor-version":[{"id":18594,"href":"https:\/\/imaqmexico.com\/index.php\/wp-json\/wp\/v2\/product\/13491\/revisions\/18594"}],"wp:featuredmedia":[{"embeddable":true,"href":"https:\/\/imaqmexico.com\/index.php\/wp-json\/wp\/v2\/media\/13571"}],"wp:attachment":[{"href":"https:\/\/imaqmexico.com\/index.php\/wp-json\/wp\/v2\/media?parent=13491"}],"wp:term":[{"taxonomy":"product_cat","embeddable":true,"href":"https:\/\/imaqmexico.com\/index.php\/wp-json\/wp\/v2\/product_cat?post=13491"},{"taxonomy":"product_tag","embeddable":true,"href":"https:\/\/imaqmexico.com\/index.php\/wp-json\/wp\/v2\/product_tag?post=13491"}],"curies":[{"name":"wp","href":"https:\/\/api.w.org\/{rel}","templated":true}]}}