{"id":13472,"date":"2024-05-17T18:38:06","date_gmt":"2024-05-17T18:38:06","guid":{"rendered":"https:\/\/imaqmexico.com\/?post_type=product&#038;p=13472"},"modified":"2026-05-05T15:28:45","modified_gmt":"2026-05-05T15:28:45","slug":"cilindro-aluminio-sporty-azul-marino","status":"publish","type":"product","link":"https:\/\/imaqmexico.com\/index.php\/product\/cilindro-aluminio-sporty-azul-marino\/","title":{"rendered":"CILINDRO ALUM. SPORTY 750 ML AZUL MARINO"},"content":{"rendered":"<p>Cilindro aluminio para las actividades deportivas, con tap\u00f3n herm\u00e9tico y gancho para colgar.<\/p>\n<p><strong>Material:<\/strong>\u00a0Aluminio.<\/p>\n<p><strong>Capacidad:<\/strong>\u00a0750 ml.<\/p>\n<p><strong>Empaque:<\/strong>\u00a050 pzas.<\/p>\n<p><strong>T\u00e9cnica:<\/strong>\u00a0Grabado l\u00e1ser, serigraf\u00eda y tampograf\u00eda.<\/p>\n","protected":false},"excerpt":{"rendered":"<p>Cilindro aluminio para las actividades deportivas, con tap\u00f3n herm\u00e9tico y gancho para colgar. Material:\u00a0Aluminio. Capacidad:\u00a0750 ml. Empaque:\u00a050 pzas. T\u00e9cnica:\u00a0Grabado l\u00e1ser, serigraf\u00eda y tampograf\u00eda.<\/p>\n","protected":false},"featured_media":13551,"comment_status":"open","ping_status":"closed","template":"","meta":{"_eb_attr":""},"product_cat":[2201,2238],"product_tag":[2239],"_links":{"self":[{"href":"https:\/\/imaqmexico.com\/index.php\/wp-json\/wp\/v2\/product\/13472"}],"collection":[{"href":"https:\/\/imaqmexico.com\/index.php\/wp-json\/wp\/v2\/product"}],"about":[{"href":"https:\/\/imaqmexico.com\/index.php\/wp-json\/wp\/v2\/types\/product"}],"replies":[{"embeddable":true,"href":"https:\/\/imaqmexico.com\/index.php\/wp-json\/wp\/v2\/comments?post=13472"}],"version-history":[{"count":4,"href":"https:\/\/imaqmexico.com\/index.php\/wp-json\/wp\/v2\/product\/13472\/revisions"}],"predecessor-version":[{"id":18333,"href":"https:\/\/imaqmexico.com\/index.php\/wp-json\/wp\/v2\/product\/13472\/revisions\/18333"}],"wp:featuredmedia":[{"embeddable":true,"href":"https:\/\/imaqmexico.com\/index.php\/wp-json\/wp\/v2\/media\/13551"}],"wp:attachment":[{"href":"https:\/\/imaqmexico.com\/index.php\/wp-json\/wp\/v2\/media?parent=13472"}],"wp:term":[{"taxonomy":"product_cat","embeddable":true,"href":"https:\/\/imaqmexico.com\/index.php\/wp-json\/wp\/v2\/product_cat?post=13472"},{"taxonomy":"product_tag","embeddable":true,"href":"https:\/\/imaqmexico.com\/index.php\/wp-json\/wp\/v2\/product_tag?post=13472"}],"curies":[{"name":"wp","href":"https:\/\/api.w.org\/{rel}","templated":true}]}}