{"id":13435,"date":"2024-05-17T18:37:23","date_gmt":"2024-05-17T18:37:23","guid":{"rendered":"https:\/\/imaqmexico.com\/?post_type=product&#038;p=13435"},"modified":"2026-05-06T15:17:20","modified_gmt":"2026-05-06T15:17:20","slug":"termo-acero-montejo-con-destapador-20-oz","status":"publish","type":"product","link":"https:\/\/imaqmexico.com\/index.php\/product\/termo-acero-montejo-con-destapador-20-oz\/","title":{"rendered":"TERMO C\/DESTAPADOR MONTEJO 20 OZ BLANCO"},"content":{"rendered":"<p>Termo de acero que cuenta con una tapa de pl\u00e1stico el cual incluye un destapador de botellas de acero ideal para esas ocasiones, gracias a su dise\u00f1o y doble pared mantiene las bebidas fr\u00edas por m\u00e1s tiempo.<\/p>\n<p><strong>Material:<\/strong> Acero inoxidable.<\/p>\n<p><strong>Capacidad:<\/strong> 20 oz.<\/p>\n<p><strong>Empaque:<\/strong> 25 pzas.<\/p>\n","protected":false},"excerpt":{"rendered":"<p>Termo de acero que cuenta con una tapa de pl\u00e1stico el cual incluye un destapador de botellas de acero ideal para esas ocasiones, gracias a su dise\u00f1o y doble pared mantiene las bebidas fr\u00edas por m\u00e1s tiempo. Material: Acero inoxidable. Capacidad: 20 oz. Empaque: 25 pzas.<\/p>\n","protected":false},"featured_media":13513,"comment_status":"open","ping_status":"closed","template":"","meta":{"_eb_attr":""},"product_cat":[2222,2200],"product_tag":[2224],"_links":{"self":[{"href":"https:\/\/imaqmexico.com\/index.php\/wp-json\/wp\/v2\/product\/13435"}],"collection":[{"href":"https:\/\/imaqmexico.com\/index.php\/wp-json\/wp\/v2\/product"}],"about":[{"href":"https:\/\/imaqmexico.com\/index.php\/wp-json\/wp\/v2\/types\/product"}],"replies":[{"embeddable":true,"href":"https:\/\/imaqmexico.com\/index.php\/wp-json\/wp\/v2\/comments?post=13435"}],"version-history":[{"count":5,"href":"https:\/\/imaqmexico.com\/index.php\/wp-json\/wp\/v2\/product\/13435\/revisions"}],"predecessor-version":[{"id":18155,"href":"https:\/\/imaqmexico.com\/index.php\/wp-json\/wp\/v2\/product\/13435\/revisions\/18155"}],"wp:featuredmedia":[{"embeddable":true,"href":"https:\/\/imaqmexico.com\/index.php\/wp-json\/wp\/v2\/media\/13513"}],"wp:attachment":[{"href":"https:\/\/imaqmexico.com\/index.php\/wp-json\/wp\/v2\/media?parent=13435"}],"wp:term":[{"taxonomy":"product_cat","embeddable":true,"href":"https:\/\/imaqmexico.com\/index.php\/wp-json\/wp\/v2\/product_cat?post=13435"},{"taxonomy":"product_tag","embeddable":true,"href":"https:\/\/imaqmexico.com\/index.php\/wp-json\/wp\/v2\/product_tag?post=13435"}],"curies":[{"name":"wp","href":"https:\/\/api.w.org\/{rel}","templated":true}]}}