{"id":13378,"date":"2024-05-17T18:36:17","date_gmt":"2024-05-17T18:36:17","guid":{"rendered":"https:\/\/imaqmexico.com\/?post_type=product&#038;p=13378"},"modified":"2026-04-28T15:13:25","modified_gmt":"2026-04-28T15:13:25","slug":"botella-borosilicato-ibiza-20-oz-rosa","status":"publish","type":"product","link":"https:\/\/imaqmexico.com\/index.php\/product\/botella-borosilicato-ibiza-20-oz-rosa\/","title":{"rendered":"BOTELLA BOROSILICATO IBIZA 20 OZ ROSA"},"content":{"rendered":"<p>Botella de sublimaci\u00f3n con base de colores hecho con vidrio borosilicato que gracias a su material lo hace un vidrio m\u00e1s resistente a golpes y soporta temperaturas fr\u00edas como calientes. Incluye una tapa transparente y popote de acero.<\/p>\n<p><strong>Material:\u00a0<\/strong>Vidrio de Borosilicato<\/p>\n<p><strong>Capacidad: <\/strong>20 oz.<\/p>\n<p><strong>Empaque:<\/strong> 30 pzas.<\/p>\n","protected":false},"excerpt":{"rendered":"<p>Botella de sublimaci\u00f3n con base de colores hecho con vidrio borosilicato que gracias a su material lo hace un vidrio m\u00e1s resistente a golpes y soporta temperaturas fr\u00edas como calientes. Incluye una tapa transparente y popote de acero. Material:\u00a0Vidrio de Borosilicato Capacidad: 20 oz. Empaque: 30 pzas.<\/p>\n","protected":false},"featured_media":13447,"comment_status":"open","ping_status":"closed","template":"","meta":{"_eb_attr":""},"product_cat":[2200,2225],"product_tag":[2226],"_links":{"self":[{"href":"https:\/\/imaqmexico.com\/index.php\/wp-json\/wp\/v2\/product\/13378"}],"collection":[{"href":"https:\/\/imaqmexico.com\/index.php\/wp-json\/wp\/v2\/product"}],"about":[{"href":"https:\/\/imaqmexico.com\/index.php\/wp-json\/wp\/v2\/types\/product"}],"replies":[{"embeddable":true,"href":"https:\/\/imaqmexico.com\/index.php\/wp-json\/wp\/v2\/comments?post=13378"}],"version-history":[{"count":6,"href":"https:\/\/imaqmexico.com\/index.php\/wp-json\/wp\/v2\/product\/13378\/revisions"}],"predecessor-version":[{"id":20097,"href":"https:\/\/imaqmexico.com\/index.php\/wp-json\/wp\/v2\/product\/13378\/revisions\/20097"}],"wp:featuredmedia":[{"embeddable":true,"href":"https:\/\/imaqmexico.com\/index.php\/wp-json\/wp\/v2\/media\/13447"}],"wp:attachment":[{"href":"https:\/\/imaqmexico.com\/index.php\/wp-json\/wp\/v2\/media?parent=13378"}],"wp:term":[{"taxonomy":"product_cat","embeddable":true,"href":"https:\/\/imaqmexico.com\/index.php\/wp-json\/wp\/v2\/product_cat?post=13378"},{"taxonomy":"product_tag","embeddable":true,"href":"https:\/\/imaqmexico.com\/index.php\/wp-json\/wp\/v2\/product_tag?post=13378"}],"curies":[{"name":"wp","href":"https:\/\/api.w.org\/{rel}","templated":true}]}}