{"id":13297,"date":"2024-05-17T18:34:44","date_gmt":"2024-05-17T18:34:44","guid":{"rendered":"https:\/\/imaqmexico.com\/?post_type=product&#038;p=13297"},"modified":"2026-05-05T15:28:40","modified_gmt":"2026-05-05T15:28:40","slug":"lata-termica-plata-17-oz-premium","status":"publish","type":"product","link":"https:\/\/imaqmexico.com\/index.php\/product\/lata-termica-plata-17-oz-premium\/","title":{"rendered":"LATA TERMICA PREMIUM 17 OZ. PLATA"},"content":{"rendered":"<p>Lata de acero con doble pared listo para sublimaci\u00f3n, incluye popote de pl\u00e1stico en tapa.<span style=\"color: black;\">Puede mantener 12 hrs. caliente y 24 hrs. fr\u00edo.<\/span><\/p>\n<p><strong><span style=\"color: black;\">Material:<\/span><\/strong><span style=\"color: black;\"> acero.<\/span><\/p>\n<p><strong><span style=\"color: black;\">Medidas:<\/span><\/strong><span style=\"color: black;\"> 19*7 cm.<\/span><\/p>\n<p><strong><span style=\"color: black;\">Capacidad:<\/span><\/strong><span style=\"color: black;\"> 17oz.<\/span><\/p>\n<p><strong><span style=\"color: black;\">Empaque:<\/span><\/strong><span style=\"color: black;\"> 50 pzas.<\/span><\/p>\n<p>&nbsp;<\/p>\n","protected":false},"excerpt":{"rendered":"<p>Lata de acero con doble pared listo para sublimaci\u00f3n, incluye popote de pl\u00e1stico en tapa.Puede mantener 12 hrs. caliente y 24 hrs. fr\u00edo. Material: acero. Medidas: 19*7 cm. Capacidad: 17oz. Empaque: 50 pzas. &nbsp;<\/p>\n","protected":false},"featured_media":12797,"comment_status":"open","ping_status":"closed","template":"","meta":{"_eb_attr":""},"product_cat":[2222,2200],"product_tag":[2224],"_links":{"self":[{"href":"https:\/\/imaqmexico.com\/index.php\/wp-json\/wp\/v2\/product\/13297"}],"collection":[{"href":"https:\/\/imaqmexico.com\/index.php\/wp-json\/wp\/v2\/product"}],"about":[{"href":"https:\/\/imaqmexico.com\/index.php\/wp-json\/wp\/v2\/types\/product"}],"replies":[{"embeddable":true,"href":"https:\/\/imaqmexico.com\/index.php\/wp-json\/wp\/v2\/comments?post=13297"}],"version-history":[{"count":6,"href":"https:\/\/imaqmexico.com\/index.php\/wp-json\/wp\/v2\/product\/13297\/revisions"}],"predecessor-version":[{"id":18517,"href":"https:\/\/imaqmexico.com\/index.php\/wp-json\/wp\/v2\/product\/13297\/revisions\/18517"}],"wp:featuredmedia":[{"embeddable":true,"href":"https:\/\/imaqmexico.com\/index.php\/wp-json\/wp\/v2\/media\/12797"}],"wp:attachment":[{"href":"https:\/\/imaqmexico.com\/index.php\/wp-json\/wp\/v2\/media?parent=13297"}],"wp:term":[{"taxonomy":"product_cat","embeddable":true,"href":"https:\/\/imaqmexico.com\/index.php\/wp-json\/wp\/v2\/product_cat?post=13297"},{"taxonomy":"product_tag","embeddable":true,"href":"https:\/\/imaqmexico.com\/index.php\/wp-json\/wp\/v2\/product_tag?post=13297"}],"curies":[{"name":"wp","href":"https:\/\/api.w.org\/{rel}","templated":true}]}}