{"id":13279,"date":"2024-05-17T18:34:24","date_gmt":"2024-05-17T18:34:24","guid":{"rendered":"https:\/\/imaqmexico.com\/?post_type=product&#038;p=13279"},"modified":"2026-05-05T15:28:45","modified_gmt":"2026-05-05T15:28:45","slug":"termo-acero-toro-con-destapador-negro","status":"publish","type":"product","link":"https:\/\/imaqmexico.com\/index.php\/product\/termo-acero-toro-con-destapador-negro\/","title":{"rendered":"TERMO ACERO C\/DESTP. 650ML TORO NEG.MATE"},"content":{"rendered":"<p>Termo de acero que cuenta con una tapa de pl\u00e1stico el cual incluye un destapador de botellas de acero ideal para esas ocasiones, gracias a su dise\u00f1o y doble pared mantiene las bebidas fr\u00ed\u00adas por m\u00e1s tiempo.<\/p>\n<p><strong>Material:<\/strong> Acero Inoxidable<\/p>\n<p><strong>Capacidad:<\/strong> 650 ml.<\/p>\n<p><strong>Empaque:<\/strong> 25 pzas.<\/p>\n<p><strong>T\u00e9cnica:<\/strong> Grabado l\u00e1ser, serigraf\u00eda y tampograf\u00ed\u00ada<\/p>\n","protected":false},"excerpt":{"rendered":"<p>Termo de acero que cuenta con una tapa de pl\u00e1stico el cual incluye un destapador de botellas de acero ideal para esas ocasiones, gracias a su dise\u00f1o y doble pared mantiene las bebidas fr\u00ed\u00adas por m\u00e1s tiempo. Material: Acero Inoxidable Capacidad: 650 ml. Empaque: 25 pzas. T\u00e9cnica: Grabado l\u00e1ser, serigraf\u00eda y tampograf\u00ed\u00ada<\/p>\n","protected":false},"featured_media":13363,"comment_status":"open","ping_status":"closed","template":"","meta":{"_eb_attr":""},"product_cat":[2201,2238],"product_tag":[2239],"_links":{"self":[{"href":"https:\/\/imaqmexico.com\/index.php\/wp-json\/wp\/v2\/product\/13279"}],"collection":[{"href":"https:\/\/imaqmexico.com\/index.php\/wp-json\/wp\/v2\/product"}],"about":[{"href":"https:\/\/imaqmexico.com\/index.php\/wp-json\/wp\/v2\/types\/product"}],"replies":[{"embeddable":true,"href":"https:\/\/imaqmexico.com\/index.php\/wp-json\/wp\/v2\/comments?post=13279"}],"version-history":[{"count":8,"href":"https:\/\/imaqmexico.com\/index.php\/wp-json\/wp\/v2\/product\/13279\/revisions"}],"predecessor-version":[{"id":18622,"href":"https:\/\/imaqmexico.com\/index.php\/wp-json\/wp\/v2\/product\/13279\/revisions\/18622"}],"wp:featuredmedia":[{"embeddable":true,"href":"https:\/\/imaqmexico.com\/index.php\/wp-json\/wp\/v2\/media\/13363"}],"wp:attachment":[{"href":"https:\/\/imaqmexico.com\/index.php\/wp-json\/wp\/v2\/media?parent=13279"}],"wp:term":[{"taxonomy":"product_cat","embeddable":true,"href":"https:\/\/imaqmexico.com\/index.php\/wp-json\/wp\/v2\/product_cat?post=13279"},{"taxonomy":"product_tag","embeddable":true,"href":"https:\/\/imaqmexico.com\/index.php\/wp-json\/wp\/v2\/product_tag?post=13279"}],"curies":[{"name":"wp","href":"https:\/\/api.w.org\/{rel}","templated":true}]}}