{"id":13277,"date":"2024-05-17T18:34:24","date_gmt":"2024-05-17T18:34:24","guid":{"rendered":"https:\/\/imaqmexico.com\/?post_type=product&#038;p=13277"},"modified":"2026-05-05T15:28:45","modified_gmt":"2026-05-05T15:28:45","slug":"termo-titan-rojo","status":"publish","type":"product","link":"https:\/\/imaqmexico.com\/index.php\/product\/termo-titan-rojo\/","title":{"rendered":"TERMO ACERO 900 ML TITAN ROJO MATE"},"content":{"rendered":"<p>Termo de acero inoxidable tipo yeti, cuenta con doble pared y aislamiento que mantiene las bebidas calientes y fr\u00edas, ayuda a prevenir derrames al conducir por su clip de seguridad en la tapa.<\/p>\n<p><strong>Material:<\/strong> Acero Inoxidable.<\/p>\n<p><strong>Capacidad:<\/strong> 900 ml.<\/p>\n<p><strong>Empaque:<\/strong> 25 pzas.<\/p>\n<p><strong>T\u00e9cnica:<\/strong> Grabado l\u00e1ser, serigraf\u00eda y tampograf\u00eda.<\/p>\n","protected":false},"excerpt":{"rendered":"<p>Termo de acero inoxidable tipo yeti, cuenta con doble pared y aislamiento que mantiene las bebidas calientes y fr\u00edas, ayuda a prevenir derrames al conducir por su clip de seguridad en la tapa. Material: Acero Inoxidable. Capacidad: 900 ml. Empaque: 25 pzas. T\u00e9cnica: Grabado l\u00e1ser, serigraf\u00eda y tampograf\u00eda.<\/p>\n","protected":false},"featured_media":13352,"comment_status":"open","ping_status":"closed","template":"","meta":{"_eb_attr":""},"product_cat":[2201,2238],"product_tag":[2239],"_links":{"self":[{"href":"https:\/\/imaqmexico.com\/index.php\/wp-json\/wp\/v2\/product\/13277"}],"collection":[{"href":"https:\/\/imaqmexico.com\/index.php\/wp-json\/wp\/v2\/product"}],"about":[{"href":"https:\/\/imaqmexico.com\/index.php\/wp-json\/wp\/v2\/types\/product"}],"replies":[{"embeddable":true,"href":"https:\/\/imaqmexico.com\/index.php\/wp-json\/wp\/v2\/comments?post=13277"}],"version-history":[{"count":5,"href":"https:\/\/imaqmexico.com\/index.php\/wp-json\/wp\/v2\/product\/13277\/revisions"}],"predecessor-version":[{"id":17827,"href":"https:\/\/imaqmexico.com\/index.php\/wp-json\/wp\/v2\/product\/13277\/revisions\/17827"}],"wp:featuredmedia":[{"embeddable":true,"href":"https:\/\/imaqmexico.com\/index.php\/wp-json\/wp\/v2\/media\/13352"}],"wp:attachment":[{"href":"https:\/\/imaqmexico.com\/index.php\/wp-json\/wp\/v2\/media?parent=13277"}],"wp:term":[{"taxonomy":"product_cat","embeddable":true,"href":"https:\/\/imaqmexico.com\/index.php\/wp-json\/wp\/v2\/product_cat?post=13277"},{"taxonomy":"product_tag","embeddable":true,"href":"https:\/\/imaqmexico.com\/index.php\/wp-json\/wp\/v2\/product_tag?post=13277"}],"curies":[{"name":"wp","href":"https:\/\/api.w.org\/{rel}","templated":true}]}}