{"id":13258,"date":"2024-05-17T18:34:00","date_gmt":"2024-05-17T18:34:00","guid":{"rendered":"https:\/\/imaqmexico.com\/?post_type=product&#038;p=13258"},"modified":"2026-05-05T15:28:45","modified_gmt":"2026-05-05T15:28:45","slug":"termo-maxi-plata","status":"publish","type":"product","link":"https:\/\/imaqmexico.com\/index.php\/product\/termo-maxi-plata\/","title":{"rendered":"TERMO ACERO 600 ML MAXI PLATA"},"content":{"rendered":"<p>Termo de acero inoxidable que cuenta con doble pared para mantener bebidas fr\u00edas y calientes, evita derrames por contar con clip de seguridad en la tapa.<\/p>\n<p><strong>Material:<\/strong> Acero.<\/p>\n<p><strong>Capacidad:<\/strong> 600 ml.<\/p>\n<p><strong>Empaque:<\/strong> 25 pzas.<\/p>\n<p><strong>T\u00e9cnica:<\/strong> Grabado l\u00e1ser, serigraf\u00ed\u00ada y tampograf\u00ed\u00ada.<\/p>\n","protected":false},"excerpt":{"rendered":"<p>Termo de acero inoxidable que cuenta con doble pared para mantener bebidas fr\u00edas y calientes, evita derrames por contar con clip de seguridad en la tapa. Material: Acero. Capacidad: 600 ml. Empaque: 25 pzas. T\u00e9cnica: Grabado l\u00e1ser, serigraf\u00ed\u00ada y tampograf\u00ed\u00ada.<\/p>\n","protected":false},"featured_media":13342,"comment_status":"open","ping_status":"closed","template":"","meta":{"_eb_attr":""},"product_cat":[2201,2238],"product_tag":[2239],"_links":{"self":[{"href":"https:\/\/imaqmexico.com\/index.php\/wp-json\/wp\/v2\/product\/13258"}],"collection":[{"href":"https:\/\/imaqmexico.com\/index.php\/wp-json\/wp\/v2\/product"}],"about":[{"href":"https:\/\/imaqmexico.com\/index.php\/wp-json\/wp\/v2\/types\/product"}],"replies":[{"embeddable":true,"href":"https:\/\/imaqmexico.com\/index.php\/wp-json\/wp\/v2\/comments?post=13258"}],"version-history":[{"count":5,"href":"https:\/\/imaqmexico.com\/index.php\/wp-json\/wp\/v2\/product\/13258\/revisions"}],"predecessor-version":[{"id":17809,"href":"https:\/\/imaqmexico.com\/index.php\/wp-json\/wp\/v2\/product\/13258\/revisions\/17809"}],"wp:featuredmedia":[{"embeddable":true,"href":"https:\/\/imaqmexico.com\/index.php\/wp-json\/wp\/v2\/media\/13342"}],"wp:attachment":[{"href":"https:\/\/imaqmexico.com\/index.php\/wp-json\/wp\/v2\/media?parent=13258"}],"wp:term":[{"taxonomy":"product_cat","embeddable":true,"href":"https:\/\/imaqmexico.com\/index.php\/wp-json\/wp\/v2\/product_cat?post=13258"},{"taxonomy":"product_tag","embeddable":true,"href":"https:\/\/imaqmexico.com\/index.php\/wp-json\/wp\/v2\/product_tag?post=13258"}],"curies":[{"name":"wp","href":"https:\/\/api.w.org\/{rel}","templated":true}]}}