{"id":13239,"date":"2024-05-17T18:33:37","date_gmt":"2024-05-17T18:33:37","guid":{"rendered":"https:\/\/imaqmexico.com\/?post_type=product&#038;p=13239"},"modified":"2026-05-05T15:28:44","modified_gmt":"2026-05-05T15:28:44","slug":"termo-botella-fuji-plata","status":"publish","type":"product","link":"https:\/\/imaqmexico.com\/index.php\/product\/termo-botella-fuji-plata\/","title":{"rendered":"TERMO ACERO BOTELLA 500 ML FUJI PLATA"},"content":{"rendered":"<p>Botella de doble pared con cerrado de silicona en la tapa lo cual evita derrames, es un producto ergon\u00f3mico y f\u00e1cil manejo adem\u00e1s de conservar las bebidas fr\u00edas por m\u00e1s tiempo.<\/p>\n<p><strong>Material:<\/strong> Acero Inoxidable.<\/p>\n<p><strong>Capacidad:<\/strong> 500 ml.<\/p>\n<p><strong>Empaque:<\/strong> 25 pzas.<\/p>\n<p><strong>T\u00e9cnica:<\/strong> Grabado l\u00e1ser, serigraf\u00eda y tampograf\u00eda.<\/p>\n","protected":false},"excerpt":{"rendered":"<p>Botella de doble pared con cerrado de silicona en la tapa lo cual evita derrames, es un producto ergon\u00f3mico y f\u00e1cil manejo adem\u00e1s de conservar las bebidas fr\u00edas por m\u00e1s tiempo. Material: Acero Inoxidable. Capacidad: 500 ml. Empaque: 25 pzas. T\u00e9cnica: Grabado l\u00e1ser, serigraf\u00eda y tampograf\u00eda.<\/p>\n","protected":false},"featured_media":13325,"comment_status":"open","ping_status":"closed","template":"","meta":{"_eb_attr":""},"product_cat":[2201,2238],"product_tag":[2239],"_links":{"self":[{"href":"https:\/\/imaqmexico.com\/index.php\/wp-json\/wp\/v2\/product\/13239"}],"collection":[{"href":"https:\/\/imaqmexico.com\/index.php\/wp-json\/wp\/v2\/product"}],"about":[{"href":"https:\/\/imaqmexico.com\/index.php\/wp-json\/wp\/v2\/types\/product"}],"replies":[{"embeddable":true,"href":"https:\/\/imaqmexico.com\/index.php\/wp-json\/wp\/v2\/comments?post=13239"}],"version-history":[{"count":5,"href":"https:\/\/imaqmexico.com\/index.php\/wp-json\/wp\/v2\/product\/13239\/revisions"}],"predecessor-version":[{"id":17801,"href":"https:\/\/imaqmexico.com\/index.php\/wp-json\/wp\/v2\/product\/13239\/revisions\/17801"}],"wp:featuredmedia":[{"embeddable":true,"href":"https:\/\/imaqmexico.com\/index.php\/wp-json\/wp\/v2\/media\/13325"}],"wp:attachment":[{"href":"https:\/\/imaqmexico.com\/index.php\/wp-json\/wp\/v2\/media?parent=13239"}],"wp:term":[{"taxonomy":"product_cat","embeddable":true,"href":"https:\/\/imaqmexico.com\/index.php\/wp-json\/wp\/v2\/product_cat?post=13239"},{"taxonomy":"product_tag","embeddable":true,"href":"https:\/\/imaqmexico.com\/index.php\/wp-json\/wp\/v2\/product_tag?post=13239"}],"curies":[{"name":"wp","href":"https:\/\/api.w.org\/{rel}","templated":true}]}}