{"id":13235,"date":"2024-05-17T18:33:37","date_gmt":"2024-05-17T18:33:37","guid":{"rendered":"https:\/\/imaqmexico.com\/?post_type=product&#038;p=13235"},"modified":"2026-05-05T15:28:44","modified_gmt":"2026-05-05T15:28:44","slug":"termo-tipo-lechero-lala-negro","status":"publish","type":"product","link":"https:\/\/imaqmexico.com\/index.php\/product\/termo-tipo-lechero-lala-negro\/","title":{"rendered":"TERMO ACERO TIPO LECHERO 600ML NEG. MATE"},"content":{"rendered":"<p>Cilindro de acero inoxidable con arn\u00e9s y tap\u00f3n de acero, este producto facilita la transportaci\u00f3n manteniendo las bebidas a buena temperatura.<\/p>\n<p><strong>Material:<\/strong> Acero Inoxidable.<\/p>\n<p><strong>Capacidad:<\/strong> 600 ml.<\/p>\n<p><strong>Empaque:<\/strong> 50 pzas.<\/p>\n<p><strong>T\u00e9cnica:<\/strong> Grabado l\u00e1ser, serigraf\u00eda y tampograf\u00eda.<\/p>\n","protected":false},"excerpt":{"rendered":"<p>Cilindro de acero inoxidable con arn\u00e9s y tap\u00f3n de acero, este producto facilita la transportaci\u00f3n manteniendo las bebidas a buena temperatura. Material: Acero Inoxidable. Capacidad: 600 ml. Empaque: 50 pzas. T\u00e9cnica: Grabado l\u00e1ser, serigraf\u00eda y tampograf\u00eda.<\/p>\n","protected":false},"featured_media":13310,"comment_status":"open","ping_status":"closed","template":"","meta":{"_eb_attr":""},"product_cat":[2201,2238],"product_tag":[2239],"_links":{"self":[{"href":"https:\/\/imaqmexico.com\/index.php\/wp-json\/wp\/v2\/product\/13235"}],"collection":[{"href":"https:\/\/imaqmexico.com\/index.php\/wp-json\/wp\/v2\/product"}],"about":[{"href":"https:\/\/imaqmexico.com\/index.php\/wp-json\/wp\/v2\/types\/product"}],"replies":[{"embeddable":true,"href":"https:\/\/imaqmexico.com\/index.php\/wp-json\/wp\/v2\/comments?post=13235"}],"version-history":[{"count":5,"href":"https:\/\/imaqmexico.com\/index.php\/wp-json\/wp\/v2\/product\/13235\/revisions"}],"predecessor-version":[{"id":17797,"href":"https:\/\/imaqmexico.com\/index.php\/wp-json\/wp\/v2\/product\/13235\/revisions\/17797"}],"wp:featuredmedia":[{"embeddable":true,"href":"https:\/\/imaqmexico.com\/index.php\/wp-json\/wp\/v2\/media\/13310"}],"wp:attachment":[{"href":"https:\/\/imaqmexico.com\/index.php\/wp-json\/wp\/v2\/media?parent=13235"}],"wp:term":[{"taxonomy":"product_cat","embeddable":true,"href":"https:\/\/imaqmexico.com\/index.php\/wp-json\/wp\/v2\/product_cat?post=13235"},{"taxonomy":"product_tag","embeddable":true,"href":"https:\/\/imaqmexico.com\/index.php\/wp-json\/wp\/v2\/product_tag?post=13235"}],"curies":[{"name":"wp","href":"https:\/\/api.w.org\/{rel}","templated":true}]}}