{"id":13221,"date":"2024-05-17T18:33:15","date_gmt":"2024-05-17T18:33:15","guid":{"rendered":"https:\/\/imaqmexico.com\/?post_type=product&#038;p=13221"},"modified":"2026-05-05T15:28:44","modified_gmt":"2026-05-05T15:28:44","slug":"termo-roof-azul","status":"publish","type":"product","link":"https:\/\/imaqmexico.com\/index.php\/product\/termo-roof-azul\/","title":{"rendered":"TERMO ACERO 500 ML ROOF AZUL MATE"},"content":{"rendered":"<p>Termo de acero inoxidable de doble pared con infusor ideal para disfrutar tus infusiones favoritas, conserva la temperatura por m\u00e1s tiempo, su tama\u00f1o es port\u00e1til, cuenta con tapa herm\u00e9tica antiderrames.<\/p>\n<p><strong>Material:<\/strong> Acero Inoxidable.<\/p>\n<p><strong>Capacidad:<\/strong> 500 ml.<\/p>\n<p><strong>Empaque:<\/strong> 50 pzas.<\/p>\n<p><strong>T\u00e9cnica:<\/strong> Grabado l\u00e1ser, serigraf\u00eda y tampograf\u00eda.<\/p>\n","protected":false},"excerpt":{"rendered":"<p>Termo de acero inoxidable de doble pared con infusor ideal para disfrutar tus infusiones favoritas, conserva la temperatura por m\u00e1s tiempo, su tama\u00f1o es port\u00e1til, cuenta con tapa herm\u00e9tica antiderrames. Material: Acero Inoxidable. Capacidad: 500 ml. Empaque: 50 pzas. T\u00e9cnica: Grabado l\u00e1ser, serigraf\u00eda y tampograf\u00eda.<\/p>\n","protected":false},"featured_media":13306,"comment_status":"open","ping_status":"closed","template":"","meta":{"_eb_attr":""},"product_cat":[2201,2238],"product_tag":[2239],"_links":{"self":[{"href":"https:\/\/imaqmexico.com\/index.php\/wp-json\/wp\/v2\/product\/13221"}],"collection":[{"href":"https:\/\/imaqmexico.com\/index.php\/wp-json\/wp\/v2\/product"}],"about":[{"href":"https:\/\/imaqmexico.com\/index.php\/wp-json\/wp\/v2\/types\/product"}],"replies":[{"embeddable":true,"href":"https:\/\/imaqmexico.com\/index.php\/wp-json\/wp\/v2\/comments?post=13221"}],"version-history":[{"count":5,"href":"https:\/\/imaqmexico.com\/index.php\/wp-json\/wp\/v2\/product\/13221\/revisions"}],"predecessor-version":[{"id":17794,"href":"https:\/\/imaqmexico.com\/index.php\/wp-json\/wp\/v2\/product\/13221\/revisions\/17794"}],"wp:featuredmedia":[{"embeddable":true,"href":"https:\/\/imaqmexico.com\/index.php\/wp-json\/wp\/v2\/media\/13306"}],"wp:attachment":[{"href":"https:\/\/imaqmexico.com\/index.php\/wp-json\/wp\/v2\/media?parent=13221"}],"wp:term":[{"taxonomy":"product_cat","embeddable":true,"href":"https:\/\/imaqmexico.com\/index.php\/wp-json\/wp\/v2\/product_cat?post=13221"},{"taxonomy":"product_tag","embeddable":true,"href":"https:\/\/imaqmexico.com\/index.php\/wp-json\/wp\/v2\/product_tag?post=13221"}],"curies":[{"name":"wp","href":"https:\/\/api.w.org\/{rel}","templated":true}]}}