{"id":13198,"date":"2024-05-17T18:32:54","date_gmt":"2024-05-17T18:32:54","guid":{"rendered":"https:\/\/imaqmexico.com\/?post_type=product&#038;p=13198"},"modified":"2026-05-05T15:28:43","modified_gmt":"2026-05-05T15:28:43","slug":"cilindro-aluminio-nilo-rojo","status":"publish","type":"product","link":"https:\/\/imaqmexico.com\/index.php\/product\/cilindro-aluminio-nilo-rojo\/","title":{"rendered":"CILINDRO ALUM. 750 ML NILO ROJO MATE"},"content":{"rendered":"<p>Cilindro de aluminio id\u00f3neo para viajes, con su correa de silic\u00f3n facilita su traslado a cualquier lugar y con su tapa evita cualquier derrame de bebida.<\/p>\n<p><strong>Material:<\/strong> Aluminio.<\/p>\n<p><strong>Capacidad:<\/strong> 750 ml.<\/p>\n<p><strong>Empaque:<\/strong> 50 pzas.<\/p>\n<p><strong>T\u00e9cnica:<\/strong> Grabado l\u00e1ser, serigraf\u00eda y tampograf\u00eda.<\/p>\n","protected":false},"excerpt":{"rendered":"<p>Cilindro de aluminio id\u00f3neo para viajes, con su correa de silic\u00f3n facilita su traslado a cualquier lugar y con su tapa evita cualquier derrame de bebida. Material: Aluminio. Capacidad: 750 ml. Empaque: 50 pzas. T\u00e9cnica: Grabado l\u00e1ser, serigraf\u00eda y tampograf\u00eda.<\/p>\n","protected":false},"featured_media":13271,"comment_status":"open","ping_status":"closed","template":"","meta":{"_eb_attr":""},"product_cat":[2201,2238],"product_tag":[2239],"_links":{"self":[{"href":"https:\/\/imaqmexico.com\/index.php\/wp-json\/wp\/v2\/product\/13198"}],"collection":[{"href":"https:\/\/imaqmexico.com\/index.php\/wp-json\/wp\/v2\/product"}],"about":[{"href":"https:\/\/imaqmexico.com\/index.php\/wp-json\/wp\/v2\/types\/product"}],"replies":[{"embeddable":true,"href":"https:\/\/imaqmexico.com\/index.php\/wp-json\/wp\/v2\/comments?post=13198"}],"version-history":[{"count":5,"href":"https:\/\/imaqmexico.com\/index.php\/wp-json\/wp\/v2\/product\/13198\/revisions"}],"predecessor-version":[{"id":17780,"href":"https:\/\/imaqmexico.com\/index.php\/wp-json\/wp\/v2\/product\/13198\/revisions\/17780"}],"wp:featuredmedia":[{"embeddable":true,"href":"https:\/\/imaqmexico.com\/index.php\/wp-json\/wp\/v2\/media\/13271"}],"wp:attachment":[{"href":"https:\/\/imaqmexico.com\/index.php\/wp-json\/wp\/v2\/media?parent=13198"}],"wp:term":[{"taxonomy":"product_cat","embeddable":true,"href":"https:\/\/imaqmexico.com\/index.php\/wp-json\/wp\/v2\/product_cat?post=13198"},{"taxonomy":"product_tag","embeddable":true,"href":"https:\/\/imaqmexico.com\/index.php\/wp-json\/wp\/v2\/product_tag?post=13198"}],"curies":[{"name":"wp","href":"https:\/\/api.w.org\/{rel}","templated":true}]}}