{"id":13181,"date":"2024-05-17T18:32:33","date_gmt":"2024-05-17T18:32:33","guid":{"rendered":"https:\/\/imaqmexico.com\/?post_type=product&#038;p=13181"},"modified":"2026-05-05T15:28:44","modified_gmt":"2026-05-05T15:28:44","slug":"porta-lata-termica-doble-pared-hanna","status":"publish","type":"product","link":"https:\/\/imaqmexico.com\/index.php\/product\/porta-lata-termica-doble-pared-hanna\/","title":{"rendered":"PORTA LATA HANNA NEGRO MATE"},"content":{"rendered":"<p>Porta latas t\u00e9rmico con doble pared de acero inoxidable ideal para mantener fr\u00edas las bebidas por m\u00e1s tiempo, f\u00e1cil de transportar, es resistente y duradero.<\/p>\n<p><strong>Material:<\/strong> Acero Inoxidable.<\/p>\n<p><strong>Capacidad:<\/strong> 350 ml.<\/p>\n<p><strong>Empaque:<\/strong> 50 pzas.<\/p>\n<p><strong>T\u00e9cnica:<\/strong> Grabado l\u00e1ser, serigraf\u00ed\u00ada y tampograf\u00eda.<\/p>\n","protected":false},"excerpt":{"rendered":"<p>Porta latas t\u00e9rmico con doble pared de acero inoxidable ideal para mantener fr\u00edas las bebidas por m\u00e1s tiempo, f\u00e1cil de transportar, es resistente y duradero. Material: Acero Inoxidable. Capacidad: 350 ml. Empaque: 50 pzas. T\u00e9cnica: Grabado l\u00e1ser, serigraf\u00ed\u00ada y tampograf\u00eda.<\/p>\n","protected":false},"featured_media":13261,"comment_status":"open","ping_status":"closed","template":"","meta":{"_eb_attr":""},"product_cat":[2201,2238],"product_tag":[2239],"_links":{"self":[{"href":"https:\/\/imaqmexico.com\/index.php\/wp-json\/wp\/v2\/product\/13181"}],"collection":[{"href":"https:\/\/imaqmexico.com\/index.php\/wp-json\/wp\/v2\/product"}],"about":[{"href":"https:\/\/imaqmexico.com\/index.php\/wp-json\/wp\/v2\/types\/product"}],"replies":[{"embeddable":true,"href":"https:\/\/imaqmexico.com\/index.php\/wp-json\/wp\/v2\/comments?post=13181"}],"version-history":[{"count":6,"href":"https:\/\/imaqmexico.com\/index.php\/wp-json\/wp\/v2\/product\/13181\/revisions"}],"predecessor-version":[{"id":17775,"href":"https:\/\/imaqmexico.com\/index.php\/wp-json\/wp\/v2\/product\/13181\/revisions\/17775"}],"wp:featuredmedia":[{"embeddable":true,"href":"https:\/\/imaqmexico.com\/index.php\/wp-json\/wp\/v2\/media\/13261"}],"wp:attachment":[{"href":"https:\/\/imaqmexico.com\/index.php\/wp-json\/wp\/v2\/media?parent=13181"}],"wp:term":[{"taxonomy":"product_cat","embeddable":true,"href":"https:\/\/imaqmexico.com\/index.php\/wp-json\/wp\/v2\/product_cat?post=13181"},{"taxonomy":"product_tag","embeddable":true,"href":"https:\/\/imaqmexico.com\/index.php\/wp-json\/wp\/v2\/product_tag?post=13181"}],"curies":[{"name":"wp","href":"https:\/\/api.w.org\/{rel}","templated":true}]}}