{"id":13120,"date":"2024-05-17T18:31:23","date_gmt":"2024-05-17T18:31:23","guid":{"rendered":"https:\/\/imaqmexico.com\/?post_type=product&#038;p=13120"},"modified":"2026-05-05T15:28:36","modified_gmt":"2026-05-05T15:28:36","slug":"botella-cristal-florida-satinado-650-ml","status":"publish","type":"product","link":"https:\/\/imaqmexico.com\/index.php\/product\/botella-cristal-florida-satinado-650-ml\/","title":{"rendered":"BOTELLA BOROSILICATO FLORIDA 650ML SATIN"},"content":{"rendered":"<p>Botella de sublimaci\u00f3n hecho con vidrio borosilicato, que gracias a su material lo hace mas resistente a golpes y soporta temperaturas fr\u00edas y calientes.Incluye tapa de bamb\u00fa y popote de vidrio.<\/p>\n<p><strong>Material:\u00a0<\/strong>Vidrio de Borosilicato<\/p>\n<p><strong>Capacidad:<\/strong> 650 ml.<\/p>\n<p><strong>Empaque:<\/strong>\u00a036 pzas.<\/p>\n","protected":false},"excerpt":{"rendered":"<p>Botella de sublimaci\u00f3n hecho con vidrio borosilicato, que gracias a su material lo hace mas resistente a golpes y soporta temperaturas fr\u00edas y calientes.Incluye tapa de bamb\u00fa y popote de vidrio. Material:\u00a0Vidrio de Borosilicato Capacidad: 650 ml. Empaque:\u00a036 pzas.<\/p>\n","protected":false},"featured_media":13204,"comment_status":"open","ping_status":"closed","template":"","meta":{"_eb_attr":""},"product_cat":[2200,2225],"product_tag":[2226],"_links":{"self":[{"href":"https:\/\/imaqmexico.com\/index.php\/wp-json\/wp\/v2\/product\/13120"}],"collection":[{"href":"https:\/\/imaqmexico.com\/index.php\/wp-json\/wp\/v2\/product"}],"about":[{"href":"https:\/\/imaqmexico.com\/index.php\/wp-json\/wp\/v2\/types\/product"}],"replies":[{"embeddable":true,"href":"https:\/\/imaqmexico.com\/index.php\/wp-json\/wp\/v2\/comments?post=13120"}],"version-history":[{"count":8,"href":"https:\/\/imaqmexico.com\/index.php\/wp-json\/wp\/v2\/product\/13120\/revisions"}],"predecessor-version":[{"id":18454,"href":"https:\/\/imaqmexico.com\/index.php\/wp-json\/wp\/v2\/product\/13120\/revisions\/18454"}],"wp:featuredmedia":[{"embeddable":true,"href":"https:\/\/imaqmexico.com\/index.php\/wp-json\/wp\/v2\/media\/13204"}],"wp:attachment":[{"href":"https:\/\/imaqmexico.com\/index.php\/wp-json\/wp\/v2\/media?parent=13120"}],"wp:term":[{"taxonomy":"product_cat","embeddable":true,"href":"https:\/\/imaqmexico.com\/index.php\/wp-json\/wp\/v2\/product_cat?post=13120"},{"taxonomy":"product_tag","embeddable":true,"href":"https:\/\/imaqmexico.com\/index.php\/wp-json\/wp\/v2\/product_tag?post=13120"}],"curies":[{"name":"wp","href":"https:\/\/api.w.org\/{rel}","templated":true}]}}