{"id":13094,"date":"2024-05-17T18:28:17","date_gmt":"2024-05-17T18:28:17","guid":{"rendered":"https:\/\/imaqmexico.com\/?post_type=product&#038;p=13094"},"modified":"2026-05-05T15:28:47","modified_gmt":"2026-05-05T15:28:47","slug":"suajador-fijo-56-mm","status":"publish","type":"product","link":"https:\/\/imaqmexico.com\/index.php\/product\/suajador-fijo-56-mm\/","title":{"rendered":"SUAJADOR FIJO ECO 56MM NP"},"content":{"rendered":"<p><span style=\"color: black;\">El suajador fijo corta con precisi\u00f3n la impresi\u00f3n que se desea colocar en el foto bot\u00f3n.<\/span><\/p>\n<p><strong><span style=\"color: black;\">Material:<\/span><\/strong><span style=\"color: black;\"> Acero<\/span><\/p>\n<p><span style=\"color: black;\"><strong>Medidas:<\/strong> 18.5 x 22 cm.<\/span><\/p>\n<p>&nbsp;<\/p>\n","protected":false},"excerpt":{"rendered":"<p>El suajador fijo corta con precisi\u00f3n la impresi\u00f3n que se desea colocar en el foto bot\u00f3n. Material: Acero Medidas: 18.5 x 22 cm. &nbsp;<\/p>\n","protected":false},"featured_media":13164,"comment_status":"open","ping_status":"closed","template":"","meta":{"_eb_attr":""},"product_cat":[2204],"product_tag":[],"_links":{"self":[{"href":"https:\/\/imaqmexico.com\/index.php\/wp-json\/wp\/v2\/product\/13094"}],"collection":[{"href":"https:\/\/imaqmexico.com\/index.php\/wp-json\/wp\/v2\/product"}],"about":[{"href":"https:\/\/imaqmexico.com\/index.php\/wp-json\/wp\/v2\/types\/product"}],"replies":[{"embeddable":true,"href":"https:\/\/imaqmexico.com\/index.php\/wp-json\/wp\/v2\/comments?post=13094"}],"version-history":[{"count":9,"href":"https:\/\/imaqmexico.com\/index.php\/wp-json\/wp\/v2\/product\/13094\/revisions"}],"predecessor-version":[{"id":19809,"href":"https:\/\/imaqmexico.com\/index.php\/wp-json\/wp\/v2\/product\/13094\/revisions\/19809"}],"wp:featuredmedia":[{"embeddable":true,"href":"https:\/\/imaqmexico.com\/index.php\/wp-json\/wp\/v2\/media\/13164"}],"wp:attachment":[{"href":"https:\/\/imaqmexico.com\/index.php\/wp-json\/wp\/v2\/media?parent=13094"}],"wp:term":[{"taxonomy":"product_cat","embeddable":true,"href":"https:\/\/imaqmexico.com\/index.php\/wp-json\/wp\/v2\/product_cat?post=13094"},{"taxonomy":"product_tag","embeddable":true,"href":"https:\/\/imaqmexico.com\/index.php\/wp-json\/wp\/v2\/product_tag?post=13094"}],"curies":[{"name":"wp","href":"https:\/\/api.w.org\/{rel}","templated":true}]}}