{"id":12866,"date":"2024-05-17T18:23:32","date_gmt":"2024-05-17T18:23:32","guid":{"rendered":"https:\/\/imaqmexico.com\/?post_type=product&#038;p=12866"},"modified":"2026-05-05T15:28:34","modified_gmt":"2026-05-05T15:28:34","slug":"taza-magica-11oz","status":"publish","type":"product","link":"https:\/\/imaqmexico.com\/index.php\/product\/taza-magica-11oz\/","title":{"rendered":"TAZA MAGICA NEGRO 11 OZ"},"content":{"rendered":"<p>Taza m\u00e1gica, el dise\u00f1o aparece al servir agua caliente.<\/p>\n<p><strong>Material:<\/strong> Cer\u00e1mica.<\/p>\n<p><strong>Medidas:<\/strong> 9.5*8.2 cm.<\/p>\n<p><strong>Capacidad:<\/strong> 12oz.<\/p>\n<p><strong>Empaque:<\/strong> 36 pzas.<\/p>\n","protected":false},"excerpt":{"rendered":"<p>Taza m\u00e1gica, el dise\u00f1o aparece al servir agua caliente. Material: Cer\u00e1mica. Medidas: 9.5*8.2 cm. Capacidad: 12oz. Empaque: 36 pzas.<\/p>\n","protected":false},"featured_media":12947,"comment_status":"open","ping_status":"closed","template":"","meta":{"_eb_attr":""},"product_cat":[2200,2219],"product_tag":[2218],"_links":{"self":[{"href":"https:\/\/imaqmexico.com\/index.php\/wp-json\/wp\/v2\/product\/12866"}],"collection":[{"href":"https:\/\/imaqmexico.com\/index.php\/wp-json\/wp\/v2\/product"}],"about":[{"href":"https:\/\/imaqmexico.com\/index.php\/wp-json\/wp\/v2\/types\/product"}],"replies":[{"embeddable":true,"href":"https:\/\/imaqmexico.com\/index.php\/wp-json\/wp\/v2\/comments?post=12866"}],"version-history":[{"count":6,"href":"https:\/\/imaqmexico.com\/index.php\/wp-json\/wp\/v2\/product\/12866\/revisions"}],"predecessor-version":[{"id":17616,"href":"https:\/\/imaqmexico.com\/index.php\/wp-json\/wp\/v2\/product\/12866\/revisions\/17616"}],"wp:featuredmedia":[{"embeddable":true,"href":"https:\/\/imaqmexico.com\/index.php\/wp-json\/wp\/v2\/media\/12947"}],"wp:attachment":[{"href":"https:\/\/imaqmexico.com\/index.php\/wp-json\/wp\/v2\/media?parent=12866"}],"wp:term":[{"taxonomy":"product_cat","embeddable":true,"href":"https:\/\/imaqmexico.com\/index.php\/wp-json\/wp\/v2\/product_cat?post=12866"},{"taxonomy":"product_tag","embeddable":true,"href":"https:\/\/imaqmexico.com\/index.php\/wp-json\/wp\/v2\/product_tag?post=12866"}],"curies":[{"name":"wp","href":"https:\/\/api.w.org\/{rel}","templated":true}]}}