{"id":12751,"date":"2024-05-17T18:19:49","date_gmt":"2024-05-17T18:19:49","guid":{"rendered":"https:\/\/imaqmexico.com\/?post_type=product&#038;p=12751"},"modified":"2026-05-05T15:28:36","modified_gmt":"2026-05-05T15:28:36","slug":"taza-conica-12-oz-interior-y-asa-rosa","status":"publish","type":"product","link":"https:\/\/imaqmexico.com\/index.php\/product\/taza-conica-12-oz-interior-y-asa-rosa\/","title":{"rendered":"TAZA CONICA INT\/ASA ROSA 12 OZ"},"content":{"rendered":"<p>Taza c\u00f3nica blanca para sublimaci\u00f3n con interior y asa de color<\/p>\n<p><strong>Material:<\/strong> Cer\u00e1mica.<\/p>\n<p><strong>Medidas:<\/strong> 9*6*10 cm<\/p>\n<p><strong>Capacidad<\/strong>: 12 oz.<\/p>\n<p><strong>Empaque:<\/strong> 36 pzas.<\/p>\n","protected":false},"excerpt":{"rendered":"<p>Taza c\u00f3nica blanca para sublimaci\u00f3n con interior y asa de color Material: Cer\u00e1mica. Medidas: 9*6*10 cm Capacidad: 12 oz. Empaque: 36 pzas.<\/p>\n","protected":false},"featured_media":12831,"comment_status":"open","ping_status":"closed","template":"","meta":{"_eb_attr":""},"product_cat":[2200,2219],"product_tag":[2218],"_links":{"self":[{"href":"https:\/\/imaqmexico.com\/index.php\/wp-json\/wp\/v2\/product\/12751"}],"collection":[{"href":"https:\/\/imaqmexico.com\/index.php\/wp-json\/wp\/v2\/product"}],"about":[{"href":"https:\/\/imaqmexico.com\/index.php\/wp-json\/wp\/v2\/types\/product"}],"replies":[{"embeddable":true,"href":"https:\/\/imaqmexico.com\/index.php\/wp-json\/wp\/v2\/comments?post=12751"}],"version-history":[{"count":5,"href":"https:\/\/imaqmexico.com\/index.php\/wp-json\/wp\/v2\/product\/12751\/revisions"}],"predecessor-version":[{"id":17560,"href":"https:\/\/imaqmexico.com\/index.php\/wp-json\/wp\/v2\/product\/12751\/revisions\/17560"}],"wp:featuredmedia":[{"embeddable":true,"href":"https:\/\/imaqmexico.com\/index.php\/wp-json\/wp\/v2\/media\/12831"}],"wp:attachment":[{"href":"https:\/\/imaqmexico.com\/index.php\/wp-json\/wp\/v2\/media?parent=12751"}],"wp:term":[{"taxonomy":"product_cat","embeddable":true,"href":"https:\/\/imaqmexico.com\/index.php\/wp-json\/wp\/v2\/product_cat?post=12751"},{"taxonomy":"product_tag","embeddable":true,"href":"https:\/\/imaqmexico.com\/index.php\/wp-json\/wp\/v2\/product_tag?post=12751"}],"curies":[{"name":"wp","href":"https:\/\/api.w.org\/{rel}","templated":true}]}}