{"id":12734,"date":"2024-05-17T18:19:28","date_gmt":"2024-05-17T18:19:28","guid":{"rendered":"https:\/\/imaqmexico.com\/?post_type=product&#038;p=12734"},"modified":"2026-05-05T15:28:36","modified_gmt":"2026-05-05T15:28:36","slug":"taza-cuchara-11-oz-magica-rosa","status":"publish","type":"product","link":"https:\/\/imaqmexico.com\/index.php\/product\/taza-cuchara-11-oz-magica-rosa\/","title":{"rendered":"TAZA CUCHARA MAGICA INT\/ROSA"},"content":{"rendered":"<p>Taza m\u00e1gica para sublimaci\u00f3n con interior y cuchara de colores. El dise\u00f1o aparece al servir agua caliente.<\/p>\n<p><strong>Material:<\/strong> Cer\u00e1mica.<\/p>\n<p><strong>Medidas:<\/strong> 9.5*8.2 cm.<\/p>\n<p><strong>Capacidad:<\/strong> 11 oz.<\/p>\n<p><strong>Empaque:<\/strong> 36 pzas.<\/p>\n","protected":false},"excerpt":{"rendered":"<p>Taza m\u00e1gica para sublimaci\u00f3n con interior y cuchara de colores. El dise\u00f1o aparece al servir agua caliente. Material: Cer\u00e1mica. Medidas: 9.5*8.2 cm. Capacidad: 11 oz. Empaque: 36 pzas.<\/p>\n","protected":false},"featured_media":12812,"comment_status":"open","ping_status":"closed","template":"","meta":{"_eb_attr":""},"product_cat":[2200,2219],"product_tag":[2218],"_links":{"self":[{"href":"https:\/\/imaqmexico.com\/index.php\/wp-json\/wp\/v2\/product\/12734"}],"collection":[{"href":"https:\/\/imaqmexico.com\/index.php\/wp-json\/wp\/v2\/product"}],"about":[{"href":"https:\/\/imaqmexico.com\/index.php\/wp-json\/wp\/v2\/types\/product"}],"replies":[{"embeddable":true,"href":"https:\/\/imaqmexico.com\/index.php\/wp-json\/wp\/v2\/comments?post=12734"}],"version-history":[{"count":7,"href":"https:\/\/imaqmexico.com\/index.php\/wp-json\/wp\/v2\/product\/12734\/revisions"}],"predecessor-version":[{"id":18419,"href":"https:\/\/imaqmexico.com\/index.php\/wp-json\/wp\/v2\/product\/12734\/revisions\/18419"}],"wp:featuredmedia":[{"embeddable":true,"href":"https:\/\/imaqmexico.com\/index.php\/wp-json\/wp\/v2\/media\/12812"}],"wp:attachment":[{"href":"https:\/\/imaqmexico.com\/index.php\/wp-json\/wp\/v2\/media?parent=12734"}],"wp:term":[{"taxonomy":"product_cat","embeddable":true,"href":"https:\/\/imaqmexico.com\/index.php\/wp-json\/wp\/v2\/product_cat?post=12734"},{"taxonomy":"product_tag","embeddable":true,"href":"https:\/\/imaqmexico.com\/index.php\/wp-json\/wp\/v2\/product_tag?post=12734"}],"curies":[{"name":"wp","href":"https:\/\/api.w.org\/{rel}","templated":true}]}}