{"id":12705,"date":"2024-05-17T18:18:40","date_gmt":"2024-05-17T18:18:40","guid":{"rendered":"https:\/\/imaqmexico.com\/?post_type=product&#038;p=12705"},"modified":"2026-05-08T23:24:45","modified_gmt":"2026-05-08T23:24:45","slug":"gorra-para-sublimacion-amarillo-neon","status":"publish","type":"product","link":"https:\/\/imaqmexico.com\/index.php\/product\/gorra-para-sublimacion-amarillo-neon\/","title":{"rendered":"GORRA P\/SUBLIMACION AMARILLO NEON"},"content":{"rendered":"<p>Gorra en poli\u00e9ster con visera de algod\u00f3n con amplio frente acolchado y 4 gajos de malla en colores fosforescentes con broche de pl\u00e1stico ajustable.<\/p>\n<p><strong>Material:<\/strong> Poli\u00e9ster.<\/p>\n<p><strong>Empaque:<\/strong> 400 pzas.<\/p>\n","protected":false},"excerpt":{"rendered":"<p>Gorra en poli\u00e9ster con visera de algod\u00f3n con amplio frente acolchado y 4 gajos de malla en colores fosforescentes con broche de pl\u00e1stico ajustable. Material: Poli\u00e9ster. Empaque: 400 pzas.<\/p>\n","protected":false},"featured_media":18789,"comment_status":"open","ping_status":"closed","template":"","meta":{"_eb_attr":""},"product_cat":[2200],"product_tag":[],"_links":{"self":[{"href":"https:\/\/imaqmexico.com\/index.php\/wp-json\/wp\/v2\/product\/12705"}],"collection":[{"href":"https:\/\/imaqmexico.com\/index.php\/wp-json\/wp\/v2\/product"}],"about":[{"href":"https:\/\/imaqmexico.com\/index.php\/wp-json\/wp\/v2\/types\/product"}],"replies":[{"embeddable":true,"href":"https:\/\/imaqmexico.com\/index.php\/wp-json\/wp\/v2\/comments?post=12705"}],"version-history":[{"count":5,"href":"https:\/\/imaqmexico.com\/index.php\/wp-json\/wp\/v2\/product\/12705\/revisions"}],"predecessor-version":[{"id":17521,"href":"https:\/\/imaqmexico.com\/index.php\/wp-json\/wp\/v2\/product\/12705\/revisions\/17521"}],"wp:featuredmedia":[{"embeddable":true,"href":"https:\/\/imaqmexico.com\/index.php\/wp-json\/wp\/v2\/media\/18789"}],"wp:attachment":[{"href":"https:\/\/imaqmexico.com\/index.php\/wp-json\/wp\/v2\/media?parent=12705"}],"wp:term":[{"taxonomy":"product_cat","embeddable":true,"href":"https:\/\/imaqmexico.com\/index.php\/wp-json\/wp\/v2\/product_cat?post=12705"},{"taxonomy":"product_tag","embeddable":true,"href":"https:\/\/imaqmexico.com\/index.php\/wp-json\/wp\/v2\/product_tag?post=12705"}],"curies":[{"name":"wp","href":"https:\/\/api.w.org\/{rel}","templated":true}]}}