{"id":12569,"date":"2024-05-17T18:16:00","date_gmt":"2024-05-17T18:16:00","guid":{"rendered":"https:\/\/imaqmexico.com\/?post_type=product&#038;p=12569"},"modified":"2026-05-08T23:24:45","modified_gmt":"2026-05-08T23:24:45","slug":"cilindro-aluminio-tapa-redonda-blanco-750-ml","status":"publish","type":"product","link":"https:\/\/imaqmexico.com\/index.php\/product\/cilindro-aluminio-tapa-redonda-blanco-750-ml\/","title":{"rendered":"CIL.ALUM C\/TAPA REDONDO 750 ML BLANCO"},"content":{"rendered":"<p>Cilindro de aluminio con tap\u00f3n de apertura r\u00e1pida, para sublimaci\u00f3n.<\/p>\n<p><strong>Material:<\/strong>\u00a0Aluminio.<\/p>\n<p><strong>Capacidad:<\/strong>\u00a0750 ml.<\/p>\n<p><strong>Empaque:<\/strong>\u00a050 pzas.<\/p>\n","protected":false},"excerpt":{"rendered":"<p>Cilindro de aluminio con tap\u00f3n de apertura r\u00e1pida, para sublimaci\u00f3n. Material:\u00a0Aluminio. Capacidad:\u00a0750 ml. Empaque:\u00a050 pzas.<\/p>\n","protected":false},"featured_media":12654,"comment_status":"open","ping_status":"closed","template":"","meta":{"_eb_attr":""},"product_cat":[2223,2200],"product_tag":[2221],"_links":{"self":[{"href":"https:\/\/imaqmexico.com\/index.php\/wp-json\/wp\/v2\/product\/12569"}],"collection":[{"href":"https:\/\/imaqmexico.com\/index.php\/wp-json\/wp\/v2\/product"}],"about":[{"href":"https:\/\/imaqmexico.com\/index.php\/wp-json\/wp\/v2\/types\/product"}],"replies":[{"embeddable":true,"href":"https:\/\/imaqmexico.com\/index.php\/wp-json\/wp\/v2\/comments?post=12569"}],"version-history":[{"count":6,"href":"https:\/\/imaqmexico.com\/index.php\/wp-json\/wp\/v2\/product\/12569\/revisions"}],"predecessor-version":[{"id":18123,"href":"https:\/\/imaqmexico.com\/index.php\/wp-json\/wp\/v2\/product\/12569\/revisions\/18123"}],"wp:featuredmedia":[{"embeddable":true,"href":"https:\/\/imaqmexico.com\/index.php\/wp-json\/wp\/v2\/media\/12654"}],"wp:attachment":[{"href":"https:\/\/imaqmexico.com\/index.php\/wp-json\/wp\/v2\/media?parent=12569"}],"wp:term":[{"taxonomy":"product_cat","embeddable":true,"href":"https:\/\/imaqmexico.com\/index.php\/wp-json\/wp\/v2\/product_cat?post=12569"},{"taxonomy":"product_tag","embeddable":true,"href":"https:\/\/imaqmexico.com\/index.php\/wp-json\/wp\/v2\/product_tag?post=12569"}],"curies":[{"name":"wp","href":"https:\/\/api.w.org\/{rel}","templated":true}]}}