{"id":12524,"date":"2024-05-17T18:13:26","date_gmt":"2024-05-17T18:13:26","guid":{"rendered":"https:\/\/imaqmexico.com\/?post_type=product&#038;p=12524"},"modified":"2026-04-30T15:31:06","modified_gmt":"2026-04-30T15:31:06","slug":"termo-con-tapa-taza-weekend-500ml","status":"publish","type":"product","link":"https:\/\/imaqmexico.com\/index.php\/product\/termo-con-tapa-taza-weekend-500ml\/","title":{"rendered":"TERMO ACERO WEEKEND 500 ML.BLANCO C\/TAZA"},"content":{"rendered":"<p>Termo con doble pared de acero inoxidable, cuenta con tapa de taza,cerrado herm\u00e9tico y v\u00e1lvula de pl\u00e1stico.<\/p>\n<p><strong>Material:<\/strong> Acero Inoxidable.<\/p>\n<p><strong>Capacidad:<\/strong>500 ml.<\/p>\n<p><strong>Empaque:<\/strong> 50 pzas.<\/p>\n","protected":false},"excerpt":{"rendered":"<p>Termo con doble pared de acero inoxidable, cuenta con tapa de taza,cerrado herm\u00e9tico y v\u00e1lvula de pl\u00e1stico. Material: Acero Inoxidable. Capacidad:500 ml. Empaque: 50 pzas.<\/p>\n","protected":false},"featured_media":12583,"comment_status":"open","ping_status":"closed","template":"","meta":{"_eb_attr":""},"product_cat":[2222,2200],"product_tag":[2224],"_links":{"self":[{"href":"https:\/\/imaqmexico.com\/index.php\/wp-json\/wp\/v2\/product\/12524"}],"collection":[{"href":"https:\/\/imaqmexico.com\/index.php\/wp-json\/wp\/v2\/product"}],"about":[{"href":"https:\/\/imaqmexico.com\/index.php\/wp-json\/wp\/v2\/types\/product"}],"replies":[{"embeddable":true,"href":"https:\/\/imaqmexico.com\/index.php\/wp-json\/wp\/v2\/comments?post=12524"}],"version-history":[{"count":8,"href":"https:\/\/imaqmexico.com\/index.php\/wp-json\/wp\/v2\/product\/12524\/revisions"}],"predecessor-version":[{"id":18527,"href":"https:\/\/imaqmexico.com\/index.php\/wp-json\/wp\/v2\/product\/12524\/revisions\/18527"}],"wp:featuredmedia":[{"embeddable":true,"href":"https:\/\/imaqmexico.com\/index.php\/wp-json\/wp\/v2\/media\/12583"}],"wp:attachment":[{"href":"https:\/\/imaqmexico.com\/index.php\/wp-json\/wp\/v2\/media?parent=12524"}],"wp:term":[{"taxonomy":"product_cat","embeddable":true,"href":"https:\/\/imaqmexico.com\/index.php\/wp-json\/wp\/v2\/product_cat?post=12524"},{"taxonomy":"product_tag","embeddable":true,"href":"https:\/\/imaqmexico.com\/index.php\/wp-json\/wp\/v2\/product_tag?post=12524"}],"curies":[{"name":"wp","href":"https:\/\/api.w.org\/{rel}","templated":true}]}}