{"id":12503,"date":"2024-05-17T18:13:05","date_gmt":"2024-05-17T18:13:05","guid":{"rendered":"https:\/\/imaqmexico.com\/?post_type=product&#038;p=12503"},"modified":"2026-05-05T15:28:34","modified_gmt":"2026-05-05T15:28:34","slug":"tarro-cervecero-16-oz-satinado-magico","status":"publish","type":"product","link":"https:\/\/imaqmexico.com\/index.php\/product\/tarro-cervecero-16-oz-satinado-magico\/","title":{"rendered":"TARRO CERVECERO 16 oz. SATINADO MAGICA"},"content":{"rendered":"<p>Tarro de vidrio satinado con efecto m\u00e1gico, el dise\u00f1o desaparece en un efecto humo al servir agua fr\u00eda.<\/p>\n<p>Material: Vidrio.<\/p>\n<p>Medidas: 8*15 cm.<\/p>\n<p>Capacidad: 16 oz.<\/p>\n<p>Empaque: 24 pzas.<\/p>\n","protected":false},"excerpt":{"rendered":"<p>Tarro de vidrio satinado con efecto m\u00e1gico, el dise\u00f1o desaparece en un efecto humo al servir agua fr\u00eda. Material: Vidrio. Medidas: 8*15 cm. Capacidad: 16 oz. Empaque: 24 pzas.<\/p>\n","protected":false},"featured_media":18786,"comment_status":"open","ping_status":"closed","template":"","meta":{"_eb_attr":""},"product_cat":[2200,2227],"product_tag":[2228],"_links":{"self":[{"href":"https:\/\/imaqmexico.com\/index.php\/wp-json\/wp\/v2\/product\/12503"}],"collection":[{"href":"https:\/\/imaqmexico.com\/index.php\/wp-json\/wp\/v2\/product"}],"about":[{"href":"https:\/\/imaqmexico.com\/index.php\/wp-json\/wp\/v2\/types\/product"}],"replies":[{"embeddable":true,"href":"https:\/\/imaqmexico.com\/index.php\/wp-json\/wp\/v2\/comments?post=12503"}],"version-history":[{"count":9,"href":"https:\/\/imaqmexico.com\/index.php\/wp-json\/wp\/v2\/product\/12503\/revisions"}],"predecessor-version":[{"id":18787,"href":"https:\/\/imaqmexico.com\/index.php\/wp-json\/wp\/v2\/product\/12503\/revisions\/18787"}],"wp:featuredmedia":[{"embeddable":true,"href":"https:\/\/imaqmexico.com\/index.php\/wp-json\/wp\/v2\/media\/18786"}],"wp:attachment":[{"href":"https:\/\/imaqmexico.com\/index.php\/wp-json\/wp\/v2\/media?parent=12503"}],"wp:term":[{"taxonomy":"product_cat","embeddable":true,"href":"https:\/\/imaqmexico.com\/index.php\/wp-json\/wp\/v2\/product_cat?post=12503"},{"taxonomy":"product_tag","embeddable":true,"href":"https:\/\/imaqmexico.com\/index.php\/wp-json\/wp\/v2\/product_tag?post=12503"}],"curies":[{"name":"wp","href":"https:\/\/api.w.org\/{rel}","templated":true}]}}