{"id":12502,"date":"2024-05-17T18:13:05","date_gmt":"2024-05-17T18:13:05","guid":{"rendered":"https:\/\/imaqmexico.com\/?post_type=product&#038;p=12502"},"modified":"2026-05-06T15:17:14","modified_gmt":"2026-05-06T15:17:14","slug":"taza-cristal-10-oz-satinado-magica","status":"publish","type":"product","link":"https:\/\/imaqmexico.com\/index.php\/product\/taza-cristal-10-oz-satinado-magica\/","title":{"rendered":"TAZA CRISTAL 10 OZ SATINADO MAGICA"},"content":{"rendered":"<p>Taza de vidrio para sublimaci\u00f3n con acabado satinado con efecto m\u00e1gico al fr\u00ed\u00ado.<\/p>\n<p>Material: Vidrio.<\/p>\n<p>Medidas: 8.1*9.6 cm.<\/p>\n<p>Capacidad: 10 oz.<\/p>\n<p>Empaque: 36 pzas.<\/p>\n","protected":false},"excerpt":{"rendered":"<p>EMP. 36<\/p>\n","protected":false},"featured_media":12542,"comment_status":"open","ping_status":"closed","template":"","meta":{"_eb_attr":""},"product_cat":[2200,2227],"product_tag":[2228],"_links":{"self":[{"href":"https:\/\/imaqmexico.com\/index.php\/wp-json\/wp\/v2\/product\/12502"}],"collection":[{"href":"https:\/\/imaqmexico.com\/index.php\/wp-json\/wp\/v2\/product"}],"about":[{"href":"https:\/\/imaqmexico.com\/index.php\/wp-json\/wp\/v2\/types\/product"}],"replies":[{"embeddable":true,"href":"https:\/\/imaqmexico.com\/index.php\/wp-json\/wp\/v2\/comments?post=12502"}],"version-history":[{"count":6,"href":"https:\/\/imaqmexico.com\/index.php\/wp-json\/wp\/v2\/product\/12502\/revisions"}],"predecessor-version":[{"id":17404,"href":"https:\/\/imaqmexico.com\/index.php\/wp-json\/wp\/v2\/product\/12502\/revisions\/17404"}],"wp:featuredmedia":[{"embeddable":true,"href":"https:\/\/imaqmexico.com\/index.php\/wp-json\/wp\/v2\/media\/12542"}],"wp:attachment":[{"href":"https:\/\/imaqmexico.com\/index.php\/wp-json\/wp\/v2\/media?parent=12502"}],"wp:term":[{"taxonomy":"product_cat","embeddable":true,"href":"https:\/\/imaqmexico.com\/index.php\/wp-json\/wp\/v2\/product_cat?post=12502"},{"taxonomy":"product_tag","embeddable":true,"href":"https:\/\/imaqmexico.com\/index.php\/wp-json\/wp\/v2\/product_tag?post=12502"}],"curies":[{"name":"wp","href":"https:\/\/api.w.org\/{rel}","templated":true}]}}