{"id":12387,"date":"2024-05-17T18:10:24","date_gmt":"2024-05-17T18:10:24","guid":{"rendered":"https:\/\/imaqmexico.com\/?post_type=product&#038;p=12387"},"modified":"2026-05-05T15:28:22","modified_gmt":"2026-05-05T15:28:22","slug":"grabadora-laser-co2-starter-20-w","status":"publish","type":"product","link":"https:\/\/imaqmexico.com\/index.php\/product\/grabadora-laser-co2-starter-20-w\/","title":{"rendered":"LASER CO2 STARTER 20W"},"content":{"rendered":"<p>Sistema l\u00e1ser CO2 para marcado, incluye sistema de enfriamiento a base de agua y disco de instalaci\u00f3n. Su funcionamiento corre a cargo de un CNC(control num\u00e9rico computarizado), sistema mayormente utilizado en publicidad, arquitectura, industrial, entre otros.<\/p>\n<p><strong>Rango de grabado:\u00a0<\/strong> 152 x 238 mm.<\/p>\n<p><strong>Tipo de l\u00e1ser:<\/strong> CO2<\/p>\n<p><strong>Longitud de onda:<\/strong> 1064 nm.<\/p>\n<p><strong>Potencia de l\u00e1ser:<\/strong> 20 W.<\/p>\n<p><strong>Estabilidad de salida:<\/strong> \u00b15%.<\/p>\n<p><strong>Precisi\u00f3n de repetici\u00f3n:<\/strong> \u00b1 0.001 nm.<\/p>\n<p><strong>Profundidad de marcado:<\/strong> .01-3 mm aprox.<\/p>\n<p><strong>Velocidad m\u00e1xima de marcado:<\/strong> 10\/20 mm\/s. aprox.<\/p>\n<p><strong>Tama\u00f1o min. de car\u00e1cter:\u00a0<\/strong>0.20mm.<\/p>\n<p><strong>Tama\u00f1o min. de l\u00ednea:<\/strong> 0.02mm.<\/p>\n<p><strong>Enfriamiento:<\/strong> Agua.<\/p>\n<p><strong>Voltaje de alimentaci\u00f3n:<\/strong> 110\/200 VCA, 50-60Hz.<\/p>\n<p><strong>Vida \u00fatil de l\u00e1ser:<\/strong> 100,000hrs Aprox.<\/p>\n<p><strong>Compatibilidad con sistema rotativo:<\/strong> Si (incluido).<\/p>\n<p><strong>Sistema operativo:<\/strong> Windows XP, Windows 7, Windows 10.<\/p>\n<p><strong>Sistema de computo:<\/strong> Incluido.<\/p>\n<p><strong>Software:<\/strong> Ezcad 2.<\/p>\n<p><strong>Compatibilidad con extractor:<\/strong> Si (no incluido).<\/p>\n","protected":false},"excerpt":{"rendered":"<p>Mesa de trabajo: Tama\u00f1o carta.<\/p>\n","protected":false},"featured_media":12474,"comment_status":"open","ping_status":"closed","template":"","meta":{"_eb_attr":""},"product_cat":[2206],"product_tag":[],"_links":{"self":[{"href":"https:\/\/imaqmexico.com\/index.php\/wp-json\/wp\/v2\/product\/12387"}],"collection":[{"href":"https:\/\/imaqmexico.com\/index.php\/wp-json\/wp\/v2\/product"}],"about":[{"href":"https:\/\/imaqmexico.com\/index.php\/wp-json\/wp\/v2\/types\/product"}],"replies":[{"embeddable":true,"href":"https:\/\/imaqmexico.com\/index.php\/wp-json\/wp\/v2\/comments?post=12387"}],"version-history":[{"count":7,"href":"https:\/\/imaqmexico.com\/index.php\/wp-json\/wp\/v2\/product\/12387\/revisions"}],"predecessor-version":[{"id":18702,"href":"https:\/\/imaqmexico.com\/index.php\/wp-json\/wp\/v2\/product\/12387\/revisions\/18702"}],"wp:featuredmedia":[{"embeddable":true,"href":"https:\/\/imaqmexico.com\/index.php\/wp-json\/wp\/v2\/media\/12474"}],"wp:attachment":[{"href":"https:\/\/imaqmexico.com\/index.php\/wp-json\/wp\/v2\/media?parent=12387"}],"wp:term":[{"taxonomy":"product_cat","embeddable":true,"href":"https:\/\/imaqmexico.com\/index.php\/wp-json\/wp\/v2\/product_cat?post=12387"},{"taxonomy":"product_tag","embeddable":true,"href":"https:\/\/imaqmexico.com\/index.php\/wp-json\/wp\/v2\/product_tag?post=12387"}],"curies":[{"name":"wp","href":"https:\/\/api.w.org\/{rel}","templated":true}]}}