{"id":12384,"date":"2024-05-17T18:10:24","date_gmt":"2024-05-17T18:10:24","guid":{"rendered":"https:\/\/imaqmexico.com\/?post_type=product&#038;p=12384"},"modified":"2026-05-05T15:28:22","modified_gmt":"2026-05-05T15:28:22","slug":"maquina-laser-3d-taste-20-w-175175-mm","status":"publish","type":"product","link":"https:\/\/imaqmexico.com\/index.php\/product\/maquina-laser-3d-taste-20-w-175175-mm\/","title":{"rendered":"GRABADORA LASER FIBRA \u00d3PTICA 130 TASTA 20W 3D"},"content":{"rendered":"<p>Sistema de l\u00e1ser de fibra \u00f3ptica con tecnolog\u00eda 3 Axis para grabar en superficies irregulares, este modelo se destaca por su ajuste de altura autom\u00e1tico.<\/p>\n<p><strong>Potencia de l\u00e1ser:<\/strong> 20W.<\/p>\n<p><strong>Frecuencia:<\/strong> 10 &#8211; 200 kHz.<\/p>\n<p><strong>Longitud de onda:<\/strong> 1064 nm.<\/p>\n<p><strong>Rango de marcado:<\/strong> 175 x 175 mm.<\/p>\n<p><strong>Modo de marcado:<\/strong> Enfoque din\u00e1mico 3 &#8211; Axls (XYZ de l\u00e1ser).<\/p>\n<p><strong>Ancho m\u00ednimo de l\u00ednea:<\/strong> .03 mm.<\/p>\n<p><strong>Velocidad de marcado:<\/strong> M\u00e1x. 6000 mm\/s<\/p>\n<p><strong>Dimensiones:<\/strong> 529 x 599 x 750 mm.<\/p>\n","protected":false},"excerpt":{"rendered":"<p>Este modelo se destaca por su ajuste de altura autom\u00e1tico.<\/p>\n","protected":false},"featured_media":12463,"comment_status":"open","ping_status":"closed","template":"","meta":{"_eb_attr":""},"product_cat":[2206],"product_tag":[],"_links":{"self":[{"href":"https:\/\/imaqmexico.com\/index.php\/wp-json\/wp\/v2\/product\/12384"}],"collection":[{"href":"https:\/\/imaqmexico.com\/index.php\/wp-json\/wp\/v2\/product"}],"about":[{"href":"https:\/\/imaqmexico.com\/index.php\/wp-json\/wp\/v2\/types\/product"}],"replies":[{"embeddable":true,"href":"https:\/\/imaqmexico.com\/index.php\/wp-json\/wp\/v2\/comments?post=12384"}],"version-history":[{"count":10,"href":"https:\/\/imaqmexico.com\/index.php\/wp-json\/wp\/v2\/product\/12384\/revisions"}],"predecessor-version":[{"id":19792,"href":"https:\/\/imaqmexico.com\/index.php\/wp-json\/wp\/v2\/product\/12384\/revisions\/19792"}],"wp:featuredmedia":[{"embeddable":true,"href":"https:\/\/imaqmexico.com\/index.php\/wp-json\/wp\/v2\/media\/12463"}],"wp:attachment":[{"href":"https:\/\/imaqmexico.com\/index.php\/wp-json\/wp\/v2\/media?parent=12384"}],"wp:term":[{"taxonomy":"product_cat","embeddable":true,"href":"https:\/\/imaqmexico.com\/index.php\/wp-json\/wp\/v2\/product_cat?post=12384"},{"taxonomy":"product_tag","embeddable":true,"href":"https:\/\/imaqmexico.com\/index.php\/wp-json\/wp\/v2\/product_tag?post=12384"}],"curies":[{"name":"wp","href":"https:\/\/api.w.org\/{rel}","templated":true}]}}