{"id":12329,"date":"2024-05-17T18:08:44","date_gmt":"2024-05-17T18:08:44","guid":{"rendered":"https:\/\/imaqmexico.com\/?post_type=product&#038;p=12329"},"modified":"2026-05-08T23:24:40","modified_gmt":"2026-05-08T23:24:40","slug":"multicortador","status":"publish","type":"product","link":"https:\/\/imaqmexico.com\/index.php\/product\/multicortador\/","title":{"rendered":"MULTICORTADOR MOD. CUT-M2"},"content":{"rendered":"<p>Tiene 8 medidas de foto bot\u00f3n:<\/p>\n<p>25 mm, 23 mm, 37 mm, 44 mm, 50 mm, 56 mm, 85 mm y 75 mm, sistema de corte giratorio de f\u00e1cil uso.<\/p>\n<p><strong>Material:<\/strong> Pl\u00e1stico.<\/p>\n<p><strong>Contenido:<\/strong> 30 pzas.<\/p>\n<p><strong>Medidas:<\/strong> 17 x 13 cm.<\/p>\n<p>&nbsp;<\/p>\n","protected":false},"excerpt":{"rendered":"<p>Tiene 8 medidas de foto bot\u00f3n: 25 mm, 23 mm, 37 mm, 44 mm, 50 mm, 56 mm, 85 mm y 75 mm, sistema de corte giratorio de f\u00e1cil uso. Material: Pl\u00e1stico. Contenido: 30 pzas. Medidas: 17 x 13 cm. &nbsp;<\/p>\n","protected":false},"featured_media":12410,"comment_status":"open","ping_status":"closed","template":"","meta":{"_eb_attr":""},"product_cat":[2204],"product_tag":[],"_links":{"self":[{"href":"https:\/\/imaqmexico.com\/index.php\/wp-json\/wp\/v2\/product\/12329"}],"collection":[{"href":"https:\/\/imaqmexico.com\/index.php\/wp-json\/wp\/v2\/product"}],"about":[{"href":"https:\/\/imaqmexico.com\/index.php\/wp-json\/wp\/v2\/types\/product"}],"replies":[{"embeddable":true,"href":"https:\/\/imaqmexico.com\/index.php\/wp-json\/wp\/v2\/comments?post=12329"}],"version-history":[{"count":9,"href":"https:\/\/imaqmexico.com\/index.php\/wp-json\/wp\/v2\/product\/12329\/revisions"}],"predecessor-version":[{"id":19805,"href":"https:\/\/imaqmexico.com\/index.php\/wp-json\/wp\/v2\/product\/12329\/revisions\/19805"}],"wp:featuredmedia":[{"embeddable":true,"href":"https:\/\/imaqmexico.com\/index.php\/wp-json\/wp\/v2\/media\/12410"}],"wp:attachment":[{"href":"https:\/\/imaqmexico.com\/index.php\/wp-json\/wp\/v2\/media?parent=12329"}],"wp:term":[{"taxonomy":"product_cat","embeddable":true,"href":"https:\/\/imaqmexico.com\/index.php\/wp-json\/wp\/v2\/product_cat?post=12329"},{"taxonomy":"product_tag","embeddable":true,"href":"https:\/\/imaqmexico.com\/index.php\/wp-json\/wp\/v2\/product_tag?post=12329"}],"curies":[{"name":"wp","href":"https:\/\/api.w.org\/{rel}","templated":true}]}}