{"id":12313,"date":"2024-05-17T18:08:23","date_gmt":"2024-05-17T18:08:23","guid":{"rendered":"https:\/\/imaqmexico.com\/?post_type=product&#038;p=12313"},"modified":"2026-05-08T23:24:41","modified_gmt":"2026-05-08T23:24:41","slug":"paquete-de-impresora-tamano-carta-mod-l1250","status":"publish","type":"product","link":"https:\/\/imaqmexico.com\/index.php\/product\/paquete-de-impresora-tamano-carta-mod-l1250\/","title":{"rendered":"PAQUETE IMPRESORA EPSON L1210"},"content":{"rendered":"<p><strong>Sistema de tinta:\u00a0<\/strong>Continua.<\/p>\n<p><strong>Tama\u00f1o de impresi\u00f3n:\u00a0<\/strong>A4 m\u00e1x.<\/p>\n<p><strong>Voltaje de operaci\u00f3n:\u00a0<\/strong>110 &#8211; 120 VAC.<\/p>\n<p><strong>Conexi\u00f3n WIFI:\u00a0<\/strong>Si.<\/p>\n<p><strong>Contenido:\u00a0<\/strong>Impresora EPSON L1250, 4 tintas de sublimaci\u00f3n de 125 ml, 1 rollo de cinta t\u00e9rmica, 100 hojas de papel para sublimaci\u00f3n.<\/p>\n","protected":false},"excerpt":{"rendered":"<p><strong>MOD. L1100 PAQ<\/strong><\/p>\n","protected":false},"featured_media":12392,"comment_status":"open","ping_status":"closed","template":"","meta":{"_eb_attr":""},"product_cat":[2205],"product_tag":[],"_links":{"self":[{"href":"https:\/\/imaqmexico.com\/index.php\/wp-json\/wp\/v2\/product\/12313"}],"collection":[{"href":"https:\/\/imaqmexico.com\/index.php\/wp-json\/wp\/v2\/product"}],"about":[{"href":"https:\/\/imaqmexico.com\/index.php\/wp-json\/wp\/v2\/types\/product"}],"replies":[{"embeddable":true,"href":"https:\/\/imaqmexico.com\/index.php\/wp-json\/wp\/v2\/comments?post=12313"}],"version-history":[{"count":7,"href":"https:\/\/imaqmexico.com\/index.php\/wp-json\/wp\/v2\/product\/12313\/revisions"}],"predecessor-version":[{"id":19795,"href":"https:\/\/imaqmexico.com\/index.php\/wp-json\/wp\/v2\/product\/12313\/revisions\/19795"}],"wp:featuredmedia":[{"embeddable":true,"href":"https:\/\/imaqmexico.com\/index.php\/wp-json\/wp\/v2\/media\/12392"}],"wp:attachment":[{"href":"https:\/\/imaqmexico.com\/index.php\/wp-json\/wp\/v2\/media?parent=12313"}],"wp:term":[{"taxonomy":"product_cat","embeddable":true,"href":"https:\/\/imaqmexico.com\/index.php\/wp-json\/wp\/v2\/product_cat?post=12313"},{"taxonomy":"product_tag","embeddable":true,"href":"https:\/\/imaqmexico.com\/index.php\/wp-json\/wp\/v2\/product_tag?post=12313"}],"curies":[{"name":"wp","href":"https:\/\/api.w.org\/{rel}","templated":true}]}}