{"id":12284,"date":"2024-05-17T18:07:35","date_gmt":"2024-05-17T18:07:35","guid":{"rendered":"https:\/\/imaqmexico.com\/?post_type=product&#038;p=12284"},"modified":"2026-05-05T15:28:21","modified_gmt":"2026-05-05T15:28:21","slug":"sublimadora-para-gorra-4-en-1","status":"publish","type":"product","link":"https:\/\/imaqmexico.com\/index.php\/product\/sublimadora-para-gorra-4-en-1\/","title":{"rendered":"SUBLIMADORA P\/GORRAS 4 TAMA\u00d1OS  SU-GR1"},"content":{"rendered":"<p>Plancha autom\u00e1tica para sublimaci\u00f3n, transfer o vinil con 4 resistencias de tama\u00f1os: 23 x 10 cm, 18 x 7 cm, 17.5 x 10 cm(2).<\/p>\n<p><span style=\"color: #000000;\"><strong>Controlador:<\/strong> Ajuste manual de <\/span><span style=\"color: #000000;\">temperatura y tiempo.<\/span><\/p>\n<p><span style=\"color: #000000;\"><strong>Operaci\u00f3n de voltaje:<\/strong> 110 &#8211; 130 VAC 50\/60 HZ.<\/span><\/p>\n<p><span style=\"color: #000000;\"><strong>Max. de potencia:<\/strong> 1000 W.<\/span><\/p>\n<p><span style=\"color: #000000;\"><strong>Corriente: <\/strong>11 Amp.<\/span><\/p>\n<p><span style=\"color: #000000;\"><strong>Rango de temperatura:<\/strong> 0- 220 \u00b0C.<\/span><\/p>\n<p><span style=\"color: #000000;\"><strong>Rango de tiempo:<\/strong> 0 &#8211; 999 segundos.<\/span><\/p>\n<p><span style=\"color: #000000;\"><strong>Peso bruto:<\/strong> 24 kg.<\/span><\/p>\n<p><span style=\"color: #000000;\"><strong>Medida de empaque:<\/strong> 71 x 40 x 72 cm.<\/span><\/p>\n<p><span style=\"color: #000000;\"><strong>Empaque:<\/strong> 1 m\u00e1quina.<\/span><\/p>\n<p><span style=\"color: #000000;\"><strong>Colores:<\/strong> Rojo con negro.<\/span><\/p>\n<p><span style=\"color: #000000;\"><strong>Accesorios:<\/strong> 4 bases para gorra.<\/span><\/p>\n","protected":false},"excerpt":{"rendered":"<p>MOD. SU-GR1<\/p>\n<p>4 TAMA\u00d1OS DE BASES<\/p>\n","protected":false},"featured_media":12360,"comment_status":"open","ping_status":"closed","template":"","meta":{"_eb_attr":""},"product_cat":[2202],"product_tag":[],"_links":{"self":[{"href":"https:\/\/imaqmexico.com\/index.php\/wp-json\/wp\/v2\/product\/12284"}],"collection":[{"href":"https:\/\/imaqmexico.com\/index.php\/wp-json\/wp\/v2\/product"}],"about":[{"href":"https:\/\/imaqmexico.com\/index.php\/wp-json\/wp\/v2\/types\/product"}],"replies":[{"embeddable":true,"href":"https:\/\/imaqmexico.com\/index.php\/wp-json\/wp\/v2\/comments?post=12284"}],"version-history":[{"count":9,"href":"https:\/\/imaqmexico.com\/index.php\/wp-json\/wp\/v2\/product\/12284\/revisions"}],"predecessor-version":[{"id":18664,"href":"https:\/\/imaqmexico.com\/index.php\/wp-json\/wp\/v2\/product\/12284\/revisions\/18664"}],"wp:featuredmedia":[{"embeddable":true,"href":"https:\/\/imaqmexico.com\/index.php\/wp-json\/wp\/v2\/media\/12360"}],"wp:attachment":[{"href":"https:\/\/imaqmexico.com\/index.php\/wp-json\/wp\/v2\/media?parent=12284"}],"wp:term":[{"taxonomy":"product_cat","embeddable":true,"href":"https:\/\/imaqmexico.com\/index.php\/wp-json\/wp\/v2\/product_cat?post=12284"},{"taxonomy":"product_tag","embeddable":true,"href":"https:\/\/imaqmexico.com\/index.php\/wp-json\/wp\/v2\/product_tag?post=12284"}],"curies":[{"name":"wp","href":"https:\/\/api.w.org\/{rel}","templated":true}]}}