{"id":12227,"date":"2024-05-17T18:06:24","date_gmt":"2024-05-17T18:06:24","guid":{"rendered":"https:\/\/imaqmexico.com\/?post_type=product&#038;p=12227"},"modified":"2026-05-06T15:17:15","modified_gmt":"2026-05-06T15:17:15","slug":"taza-pareja-magica","status":"publish","type":"product","link":"https:\/\/imaqmexico.com\/index.php\/product\/taza-pareja-magica\/","title":{"rendered":"TAZA PAREJA MAGICA NEGRA"},"content":{"rendered":"<p><span style=\"color: #000000;\">Tazas m\u00e1gicas con asa coraz\u00f3n, el dise\u00f1o aparece al servir agua caliente<\/span><\/p>\n<p><span style=\"color: #000000;\"><strong>Material:<\/strong> Cer\u00e1mica..<\/span><\/p>\n<p><span style=\"color: #000000;\"><strong> Medidas:<\/strong> 9.5*8.2 cm y 7.5*9.5 cm<\/span><\/p>\n<p><span style=\"color: #000000;\"><strong> Capacidad:<\/strong> 11 oz. <\/span><\/p>\n<p><span style=\"color: #000000;\"><strong>Empaque:<\/strong> 18 pzas.<\/span><\/p>\n","protected":false},"excerpt":{"rendered":"<p>EMP. 36<\/p>\n","protected":false},"featured_media":12281,"comment_status":"open","ping_status":"closed","template":"","meta":{"_eb_attr":""},"product_cat":[2200],"product_tag":[2218],"_links":{"self":[{"href":"https:\/\/imaqmexico.com\/index.php\/wp-json\/wp\/v2\/product\/12227"}],"collection":[{"href":"https:\/\/imaqmexico.com\/index.php\/wp-json\/wp\/v2\/product"}],"about":[{"href":"https:\/\/imaqmexico.com\/index.php\/wp-json\/wp\/v2\/types\/product"}],"replies":[{"embeddable":true,"href":"https:\/\/imaqmexico.com\/index.php\/wp-json\/wp\/v2\/comments?post=12227"}],"version-history":[{"count":6,"href":"https:\/\/imaqmexico.com\/index.php\/wp-json\/wp\/v2\/product\/12227\/revisions"}],"predecessor-version":[{"id":19852,"href":"https:\/\/imaqmexico.com\/index.php\/wp-json\/wp\/v2\/product\/12227\/revisions\/19852"}],"wp:featuredmedia":[{"embeddable":true,"href":"https:\/\/imaqmexico.com\/index.php\/wp-json\/wp\/v2\/media\/12281"}],"wp:attachment":[{"href":"https:\/\/imaqmexico.com\/index.php\/wp-json\/wp\/v2\/media?parent=12227"}],"wp:term":[{"taxonomy":"product_cat","embeddable":true,"href":"https:\/\/imaqmexico.com\/index.php\/wp-json\/wp\/v2\/product_cat?post=12227"},{"taxonomy":"product_tag","embeddable":true,"href":"https:\/\/imaqmexico.com\/index.php\/wp-json\/wp\/v2\/product_tag?post=12227"}],"curies":[{"name":"wp","href":"https:\/\/api.w.org\/{rel}","templated":true}]}}