{"id":12225,"date":"2024-05-17T18:06:24","date_gmt":"2024-05-17T18:06:24","guid":{"rendered":"https:\/\/imaqmexico.com\/?post_type=product&#038;p=12225"},"modified":"2026-05-05T15:28:36","modified_gmt":"2026-05-05T15:28:36","slug":"taza-con-asa-corazon-11-oz-magica","status":"publish","type":"product","link":"https:\/\/imaqmexico.com\/index.php\/product\/taza-con-asa-corazon-11-oz-magica\/","title":{"rendered":"TAZA CON ASA CORAZON 11 OZ MAGICA"},"content":{"rendered":"<p><span style=\"color: #000000;\">Taza m\u00e1gica con asa coraz\u00f3n, el dise\u00f1o aparece al servir agua caliente.<\/span><\/p>\n<p><span style=\"color: #000000;\"><strong>Material:<\/strong> Cer\u00e1mica.<\/span><\/p>\n<p><span style=\"color: #000000;\"><strong> Medidas:<\/strong> 8.2*9.5 cm<\/span><\/p>\n<p><span style=\"color: #000000;\"><strong> Capacidad:<\/strong> 11 oz.<\/span><\/p>\n<p><span style=\"color: #000000;\"><strong> Empaque:<\/strong> 36 pzas.<\/span><\/p>\n","protected":false},"excerpt":{"rendered":"<p>EMP. 36<\/p>\n","protected":false},"featured_media":12277,"comment_status":"open","ping_status":"closed","template":"","meta":{"_eb_attr":""},"product_cat":[2200,2219],"product_tag":[2218],"_links":{"self":[{"href":"https:\/\/imaqmexico.com\/index.php\/wp-json\/wp\/v2\/product\/12225"}],"collection":[{"href":"https:\/\/imaqmexico.com\/index.php\/wp-json\/wp\/v2\/product"}],"about":[{"href":"https:\/\/imaqmexico.com\/index.php\/wp-json\/wp\/v2\/types\/product"}],"replies":[{"embeddable":true,"href":"https:\/\/imaqmexico.com\/index.php\/wp-json\/wp\/v2\/comments?post=12225"}],"version-history":[{"count":5,"href":"https:\/\/imaqmexico.com\/index.php\/wp-json\/wp\/v2\/product\/12225\/revisions"}],"predecessor-version":[{"id":19848,"href":"https:\/\/imaqmexico.com\/index.php\/wp-json\/wp\/v2\/product\/12225\/revisions\/19848"}],"wp:featuredmedia":[{"embeddable":true,"href":"https:\/\/imaqmexico.com\/index.php\/wp-json\/wp\/v2\/media\/12277"}],"wp:attachment":[{"href":"https:\/\/imaqmexico.com\/index.php\/wp-json\/wp\/v2\/media?parent=12225"}],"wp:term":[{"taxonomy":"product_cat","embeddable":true,"href":"https:\/\/imaqmexico.com\/index.php\/wp-json\/wp\/v2\/product_cat?post=12225"},{"taxonomy":"product_tag","embeddable":true,"href":"https:\/\/imaqmexico.com\/index.php\/wp-json\/wp\/v2\/product_tag?post=12225"}],"curies":[{"name":"wp","href":"https:\/\/api.w.org\/{rel}","templated":true}]}}