{"id":12220,"date":"2024-05-17T18:06:24","date_gmt":"2024-05-17T18:06:24","guid":{"rendered":"https:\/\/imaqmexico.com\/?post_type=product&#038;p=12220"},"modified":"2026-05-05T15:28:34","modified_gmt":"2026-05-05T15:28:34","slug":"taza-conica-17-oz-magica","status":"publish","type":"product","link":"https:\/\/imaqmexico.com\/index.php\/product\/taza-conica-17-oz-magica\/","title":{"rendered":"TAZA CONICA 17 OZ MAGICA NEGRO"},"content":{"rendered":"<p><span style=\"color: #000000;\">Taza c\u00f3nica m\u00e1gica, el dise\u00f1o aparece al servir agua caliente.<\/span><\/p>\n<p><span style=\"color: #000000;\"><strong>Material:<\/strong> Cer\u00e1mica<\/span><\/p>\n<p><span style=\"color: #000000;\"><strong> Medidas:<\/strong> 8.8*14.9 cm <\/span><\/p>\n<p><span style=\"color: #000000;\"><strong>Capacidad:<\/strong> 17oz.<\/span><\/p>\n<p><span style=\"color: #000000;\"><strong> Empaque:<\/strong> 24 pzas. <\/span><\/p>\n","protected":false},"excerpt":{"rendered":"<p>EMP. 24<\/p>\n","protected":false},"featured_media":12262,"comment_status":"open","ping_status":"closed","template":"","meta":{"_eb_attr":""},"product_cat":[2200,2219],"product_tag":[2218],"_links":{"self":[{"href":"https:\/\/imaqmexico.com\/index.php\/wp-json\/wp\/v2\/product\/12220"}],"collection":[{"href":"https:\/\/imaqmexico.com\/index.php\/wp-json\/wp\/v2\/product"}],"about":[{"href":"https:\/\/imaqmexico.com\/index.php\/wp-json\/wp\/v2\/types\/product"}],"replies":[{"embeddable":true,"href":"https:\/\/imaqmexico.com\/index.php\/wp-json\/wp\/v2\/comments?post=12220"}],"version-history":[{"count":4,"href":"https:\/\/imaqmexico.com\/index.php\/wp-json\/wp\/v2\/product\/12220\/revisions"}],"predecessor-version":[{"id":17004,"href":"https:\/\/imaqmexico.com\/index.php\/wp-json\/wp\/v2\/product\/12220\/revisions\/17004"}],"wp:featuredmedia":[{"embeddable":true,"href":"https:\/\/imaqmexico.com\/index.php\/wp-json\/wp\/v2\/media\/12262"}],"wp:attachment":[{"href":"https:\/\/imaqmexico.com\/index.php\/wp-json\/wp\/v2\/media?parent=12220"}],"wp:term":[{"taxonomy":"product_cat","embeddable":true,"href":"https:\/\/imaqmexico.com\/index.php\/wp-json\/wp\/v2\/product_cat?post=12220"},{"taxonomy":"product_tag","embeddable":true,"href":"https:\/\/imaqmexico.com\/index.php\/wp-json\/wp\/v2\/product_tag?post=12220"}],"curies":[{"name":"wp","href":"https:\/\/api.w.org\/{rel}","templated":true}]}}