{"id":18960,"date":"2024-09-25T14:20:13","date_gmt":"2024-09-25T14:20:13","guid":{"rendered":"https:\/\/imaqmexico.com\/?page_id=18960"},"modified":"2024-10-08T21:42:41","modified_gmt":"2024-10-08T21:42:41","slug":"aviso-de-privacidad","status":"publish","type":"page","link":"https:\/\/imaqmexico.com\/index.php\/aviso-de-privacidad\/","title":{"rendered":"Aviso de privacidad"},"content":{"rendered":"\t\t<div data-elementor-type=\"wp-page\" data-elementor-id=\"18960\" class=\"elementor elementor-18960\">\n\t\t\t\t\t\t<section class=\"elementor-section elementor-top-section elementor-element elementor-element-638551d elementor-section-full_width elementor-section-height-default elementor-section-height-default wpr-particle-no wpr-jarallax-no wpr-parallax-no wpr-sticky-section-no\" data-id=\"638551d\" data-element_type=\"section\">\n\t\t\t\t\t\t<div class=\"elementor-container elementor-column-gap-no\">\n\t\t\t\t\t<div class=\"elementor-column elementor-col-100 elementor-top-column elementor-element elementor-element-beec109\" data-id=\"beec109\" data-element_type=\"column\">\n\t\t\t<div class=\"elementor-widget-wrap elementor-element-populated\">\n\t\t\t\t\t\t<div class=\"elementor-element elementor-element-90082da elementor-widget elementor-widget-spacer\" data-id=\"90082da\" data-element_type=\"widget\" data-widget_type=\"spacer.default\">\n\t\t\t\t<div class=\"elementor-widget-container\">\n\t\t\t<style>\/*! elementor - v3.23.0 - 15-07-2024 *\/\n.elementor-column .elementor-spacer-inner{height:var(--spacer-size)}.e-con{--container-widget-width:100%}.e-con-inner>.elementor-widget-spacer,.e-con>.elementor-widget-spacer{width:var(--container-widget-width,var(--spacer-size));--align-self:var(--container-widget-align-self,initial);--flex-shrink:0}.e-con-inner>.elementor-widget-spacer>.elementor-widget-container,.e-con>.elementor-widget-spacer>.elementor-widget-container{height:100%;width:100%}.e-con-inner>.elementor-widget-spacer>.elementor-widget-container>.elementor-spacer,.e-con>.elementor-widget-spacer>.elementor-widget-container>.elementor-spacer{height:100%}.e-con-inner>.elementor-widget-spacer>.elementor-widget-container>.elementor-spacer>.elementor-spacer-inner,.e-con>.elementor-widget-spacer>.elementor-widget-container>.elementor-spacer>.elementor-spacer-inner{height:var(--container-widget-height,var(--spacer-size))}.e-con-inner>.elementor-widget-spacer.elementor-widget-empty,.e-con>.elementor-widget-spacer.elementor-widget-empty{position:relative;min-height:22px;min-width:22px}.e-con-inner>.elementor-widget-spacer.elementor-widget-empty .elementor-widget-empty-icon,.e-con>.elementor-widget-spacer.elementor-widget-empty .elementor-widget-empty-icon{position:absolute;top:0;bottom:0;left:0;right:0;margin:auto;padding:0;width:22px;height:22px}<\/style>\t\t<div class=\"elementor-spacer\">\n\t\t\t<div class=\"elementor-spacer-inner\"><\/div>\n\t\t<\/div>\n\t\t\t\t<\/div>\n\t\t\t\t<\/div>\n\t\t\t\t\t<\/div>\n\t\t<\/div>\n\t\t\t\t\t<\/div>\n\t\t<\/section>\n\t\t<div class=\"elementor-element elementor-element-0728a44 e-flex e-con-boxed wpr-particle-no wpr-jarallax-no wpr-parallax-no wpr-sticky-section-no e-con e-parent\" data-id=\"0728a44\" data-element_type=\"container\">\n\t\t\t\t\t<div class=\"e-con-inner\">\n\t\t<div class=\"elementor-element elementor-element-e882def e-con-full e-flex wpr-particle-no wpr-jarallax-no wpr-parallax-no wpr-sticky-section-no e-con e-child\" data-id=\"e882def\" data-element_type=\"container\">\n\t\t\t\t<div class=\"elementor-element elementor-element-a43bf15 elementor-widget elementor-widget-spacer\" data-id=\"a43bf15\" data-element_type=\"widget\" data-widget_type=\"spacer.default\">\n\t\t\t\t<div class=\"elementor-widget-container\">\n\t\t\t\t\t<div class=\"elementor-spacer\">\n\t\t\t<div class=\"elementor-spacer-inner\"><\/div>\n\t\t<\/div>\n\t\t\t\t<\/div>\n\t\t\t\t<\/div>\n\t\t\t\t<div class=\"elementor-element elementor-element-a8da241 wpr-logo-position-center elementor-widget elementor-widget-wpr-logo\" data-id=\"a8da241\" data-element_type=\"widget\" data-widget_type=\"wpr-logo.default\">\n\t\t\t\t<div class=\"elementor-widget-container\">\n\t\t\t\t\n\t<div class=\"wpr-logo elementor-clearfix\">\n\n\t\t\t\t<picture class=\"wpr-logo-image\">\n\t\t\t\n\t\t\t\t\t\t\n\t\t\t<img decoding=\"async\" src=\"https:\/\/imaqmexico.com\/wp-content\/uploads\/2022\/06\/Logo-positivo.png\" alt=\"\">\n\n\t\t\t\t\t\t\t<a class=\"wpr-logo-url\" rel=\"home\" href=\"https:\/\/imaqmexico.com\/\"><\/a>\n\t\t\t\t\t<\/picture>\n\t\t\n\t\t\n\t\t\t\t\t<a class=\"wpr-logo-url\" rel=\"home\" href=\"https:\/\/imaqmexico.com\/\"><\/a>\n\t\t\n\t<\/div>\n\t\t\n\t\t<\/div>\n\t\t\t\t<\/div>\n\t\t\t\t<div class=\"elementor-element elementor-element-7d43bfc elementor-widget elementor-widget-spacer\" data-id=\"7d43bfc\" data-element_type=\"widget\" data-widget_type=\"spacer.default\">\n\t\t\t\t<div class=\"elementor-widget-container\">\n\t\t\t\t\t<div class=\"elementor-spacer\">\n\t\t\t<div class=\"elementor-spacer-inner\"><\/div>\n\t\t<\/div>\n\t\t\t\t<\/div>\n\t\t\t\t<\/div>\n\t\t\t\t<div class=\"elementor-element elementor-element-a5eb2cb elementor-widget elementor-widget-heading\" data-id=\"a5eb2cb\" data-element_type=\"widget\" data-widget_type=\"heading.default\">\n\t\t\t\t<div class=\"elementor-widget-container\">\n\t\t\t<style>\/*! elementor - v3.23.0 - 15-07-2024 *\/\n.elementor-heading-title{padding:0;margin:0;line-height:1}.elementor-widget-heading .elementor-heading-title[class*=elementor-size-]>a{color:inherit;font-size:inherit;line-height:inherit}.elementor-widget-heading .elementor-heading-title.elementor-size-small{font-size:15px}.elementor-widget-heading .elementor-heading-title.elementor-size-medium{font-size:19px}.elementor-widget-heading .elementor-heading-title.elementor-size-large{font-size:29px}.elementor-widget-heading .elementor-heading-title.elementor-size-xl{font-size:39px}.elementor-widget-heading .elementor-heading-title.elementor-size-xxl{font-size:59px}<\/style><h2 class=\"elementor-heading-title elementor-size-default\">AVISO DE PRIVACIDAD ABREVIADO<\/h2>\t\t<\/div>\n\t\t\t\t<\/div>\n\t\t\t\t<div class=\"elementor-element elementor-element-aa8d3df elementor-widget elementor-widget-text-editor\" data-id=\"aa8d3df\" data-element_type=\"widget\" data-widget_type=\"text-editor.default\">\n\t\t\t\t<div class=\"elementor-widget-container\">\n\t\t\t<style>\/*! elementor - v3.23.0 - 15-07-2024 *\/\n.elementor-widget-text-editor.elementor-drop-cap-view-stacked .elementor-drop-cap{background-color:#69727d;color:#fff}.elementor-widget-text-editor.elementor-drop-cap-view-framed .elementor-drop-cap{color:#69727d;border:3px solid;background-color:transparent}.elementor-widget-text-editor:not(.elementor-drop-cap-view-default) .elementor-drop-cap{margin-top:8px}.elementor-widget-text-editor:not(.elementor-drop-cap-view-default) .elementor-drop-cap-letter{width:1em;height:1em}.elementor-widget-text-editor .elementor-drop-cap{float:left;text-align:center;line-height:1;font-size:50px}.elementor-widget-text-editor .elementor-drop-cap-letter{display:inline-block}<\/style>\t\t\t\t<p>En cumplimiento a lo dispuesto por el art\u00edculo 28 del Reglamento de la Ley Federal de Protecci\u00f3n de Datos Personales en Posesi\u00f3n de Particulares (la \u201cLey\u201d) y atendiendo a lo previsto en el trig\u00e9simo octavo de los Lineamientos del Aviso de Privacidad publicados en el Diario Oficial de la Federaci\u00f3n el d\u00eda 17 de enero de 2013, se hace del conocimiento del Titular que entregue datos personales a Motion Press, S.A. de C.V. el presente AVISO DE PRIVACIDAD ABREVIADO:<\/p>\t\t\t\t\t\t<\/div>\n\t\t\t\t<\/div>\n\t\t\t\t<div class=\"elementor-element elementor-element-0020074 elementor-widget elementor-widget-heading\" data-id=\"0020074\" data-element_type=\"widget\" data-widget_type=\"heading.default\">\n\t\t\t\t<div class=\"elementor-widget-container\">\n\t\t\t<h4 class=\"elementor-heading-title elementor-size-default\">OFERTAS Y PROMOCIONES<\/h4>\t\t<\/div>\n\t\t\t\t<\/div>\n\t\t\t\t<div class=\"elementor-element elementor-element-d06c94c elementor-widget elementor-widget-text-editor\" data-id=\"d06c94c\" data-element_type=\"widget\" data-widget_type=\"text-editor.default\">\n\t\t\t\t<div class=\"elementor-widget-container\">\n\t\t\t\t\t\t\t<ol>\n \t<li>Responsable de la Informaci\u00f3n. Motion Press, S.A. de C.V. (en lo sucesivo el \u201cResponsable\u201d) es el responsable de recabar sus datos personales, del uso que se le d\u00e9 a los mismos y su protecci\u00f3n, con domicilio en C. Jes\u00fas Gaona #40, Col, Moctezuma 1\u00aa Secc., Alc. Venustiano Carranza, C.P.15500, Ciudad de M\u00e9xico, M\u00e9xico. Correo electr\u00f3nico: info@imaqmexico.com\nTel\u00e9fono: +52 55 5347 3518.<\/li><br>\n \t<li>Finalidad del Tratamiento de la Informaci\u00f3n. El responsable tratar\u00e1 sus Datos Personales \u00fanica y exclusivamente conforme a los t\u00e9rminos del presente Aviso de\nPrivacidad. Los Datos Personales que nos ha proporcionado ser\u00e1n utilizados para las finalidades necesarias y que dan origen a la relaci\u00f3n contractual entre el responsable\ncomo son los siguientes:<\/li>\n\n<ul>\n<li>Ofrecer los servicios y\/o productos requeridos por usted y que estos se adecuen\nmejor sus necesidades y personalizar nuestros servicios y productos;\n<li>Actualizaci\u00f3n de nuestras bases de datos;\n<li>Creaci\u00f3n de su cuenta de Cliente en nuestra p\u00e1gina y\/o aplicaciones y permitirle\nel uso de nuestros servicios y productos;\n<li>Procesar pedidos, compras y\/ solicitudes de informaci\u00f3n;\n<li>Realizar, en su caso, la entrega f\u00edsica de pedidos en la direcci\u00f3n que usted haya\nindicado previamente;\n<li>Procesar pagos, aclaraciones bancarias y facturaci\u00f3n;\n<li>Atender dudas, quejas, comentarios, sugerencias, aclaraciones, devoluciones y\/o\ndar seguimiento a las mismas;\n<li>Fines promocionales, publicitarios, de mercadotecnia, prospecci\u00f3n comercial y\/o\nestudios de mercado;\n<li>Fines estad\u00edsticos y de an\u00e1lisis; y,\n<li>Colaborar con la protecci\u00f3n de los derechos de propiedad intelectual o industrial,\npropios o de terceros.\n<\/ul>\n<br>\n<li>Mecanismo para conocer el Aviso de Privacidad Integral. Si desea conocer el\ncontenido, interpretaci\u00f3n o alcance del Aviso de Privacidad Integral, puede solicitarlo\nf\u00edsicamente en nuestras oficinas ubicadas en C. Jes\u00fas Gaona #40, Col, Moctezuma 1\u00aa\nSecc., Alc. Venustiano Carranza, C.P.15500, Ciudad de M\u00e9xico, M\u00e9xico, de lunes a\nviernes de 9:00 a 18:00 hrs. o encontrarlo en el sitio de internet https:\/\/imaqmexico.com\/\nen la pesta\u00f1a de Pol\u00edtica de Privacidad. \n<\/ol>\n\n\t\t\t\t\t\t<\/div>\n\t\t\t\t<\/div>\n\t\t\t\t<div class=\"elementor-element elementor-element-45f5ff1 elementor-widget elementor-widget-spacer\" data-id=\"45f5ff1\" data-element_type=\"widget\" data-widget_type=\"spacer.default\">\n\t\t\t\t<div class=\"elementor-widget-container\">\n\t\t\t\t\t<div class=\"elementor-spacer\">\n\t\t\t<div class=\"elementor-spacer-inner\"><\/div>\n\t\t<\/div>\n\t\t\t\t<\/div>\n\t\t\t\t<\/div>\n\t\t\t\t<\/div>\n\t\t\t\t\t<\/div>\n\t\t\t\t<\/div>\n\t\t\t\t<\/div>\n\t\t","protected":false},"excerpt":{"rendered":"<p>AVISO DE PRIVACIDAD ABREVIADO En cumplimiento a lo dispuesto por el art\u00edculo 28 del Reglamento de la Ley Federal de Protecci\u00f3n de Datos Personales en Posesi\u00f3n de Particulares (la \u201cLey\u201d) y atendiendo a lo previsto en el trig\u00e9simo octavo de los Lineamientos del Aviso de Privacidad publicados en el Diario Oficial de la Federaci\u00f3n el d\u00eda 17 de enero de 2013, se hace del conocimiento del Titular que entregue datos personales a Motion Press, S.A. de C.V. el presente AVISO DE PRIVACIDAD ABREVIADO: OFERTAS Y PROMOCIONES Responsable de la Informaci\u00f3n. Motion Press, S.A. de C.V. (en lo sucesivo el \u201cResponsable\u201d) es el responsable de recabar sus datos personales, del uso que se le d\u00e9 a los mismos y su protecci\u00f3n, con domicilio en C. Jes\u00fas Gaona #40, Col, Moctezuma 1\u00aa Secc., Alc. Venustiano Carranza, C.P.15500, Ciudad de M\u00e9xico, M\u00e9xico. Correo electr\u00f3nico: info@imaqmexico.com Tel\u00e9fono: +52 55 5347 3518. Finalidad del Tratamiento de la Informaci\u00f3n. El responsable tratar\u00e1 sus Datos Personales \u00fanica y exclusivamente conforme a los t\u00e9rminos del presente Aviso de Privacidad. Los Datos Personales que nos ha proporcionado ser\u00e1n utilizados para las finalidades necesarias y que dan origen a la relaci\u00f3n contractual entre el responsable como son los siguientes: Ofrecer los servicios y\/o productos requeridos por usted y que estos se adecuen mejor sus necesidades y personalizar nuestros servicios y productos; Actualizaci\u00f3n de nuestras bases de datos; Creaci\u00f3n de su cuenta de Cliente en nuestra p\u00e1gina y\/o aplicaciones y permitirle el uso de nuestros servicios y productos; Procesar pedidos, compras y\/ solicitudes de informaci\u00f3n; Realizar, en su caso, la entrega f\u00edsica de pedidos en la direcci\u00f3n que usted haya indicado previamente; Procesar pagos, aclaraciones bancarias y facturaci\u00f3n; Atender dudas, quejas, comentarios, sugerencias, aclaraciones, devoluciones y\/o dar seguimiento a las mismas; Fines promocionales, publicitarios, de mercadotecnia, prospecci\u00f3n comercial y\/o estudios de mercado; Fines estad\u00edsticos y de an\u00e1lisis; y, Colaborar con la protecci\u00f3n de los derechos de propiedad intelectual o industrial, propios o de terceros. Mecanismo para conocer el Aviso de Privacidad Integral. Si desea conocer el contenido, interpretaci\u00f3n o alcance del Aviso de Privacidad Integral, puede solicitarlo f\u00edsicamente en nuestras oficinas ubicadas en C. Jes\u00fas Gaona #40, Col, Moctezuma 1\u00aa Secc., Alc. Venustiano Carranza, C.P.15500, Ciudad de M\u00e9xico, M\u00e9xico, de lunes a viernes de 9:00 a 18:00 hrs. o encontrarlo en el sitio de internet https:\/\/imaqmexico.com\/ en la pesta\u00f1a de Pol\u00edtica de Privacidad.<\/p>\n","protected":false},"author":2,"featured_media":0,"parent":0,"menu_order":0,"comment_status":"closed","ping_status":"closed","template":"elementor_canvas","meta":{"_eb_attr":"","footnotes":""},"_links":{"self":[{"href":"https:\/\/imaqmexico.com\/index.php\/wp-json\/wp\/v2\/pages\/18960"}],"collection":[{"href":"https:\/\/imaqmexico.com\/index.php\/wp-json\/wp\/v2\/pages"}],"about":[{"href":"https:\/\/imaqmexico.com\/index.php\/wp-json\/wp\/v2\/types\/page"}],"author":[{"embeddable":true,"href":"https:\/\/imaqmexico.com\/index.php\/wp-json\/wp\/v2\/users\/2"}],"replies":[{"embeddable":true,"href":"https:\/\/imaqmexico.com\/index.php\/wp-json\/wp\/v2\/comments?post=18960"}],"version-history":[{"count":13,"href":"https:\/\/imaqmexico.com\/index.php\/wp-json\/wp\/v2\/pages\/18960\/revisions"}],"predecessor-version":[{"id":19020,"href":"https:\/\/imaqmexico.com\/index.php\/wp-json\/wp\/v2\/pages\/18960\/revisions\/19020"}],"wp:attachment":[{"href":"https:\/\/imaqmexico.com\/index.php\/wp-json\/wp\/v2\/media?parent=18960"}],"curies":[{"name":"wp","href":"https:\/\/api.w.org\/{rel}","templated":true}]}}