{"id":18,"date":"2022-06-07T07:35:21","date_gmt":"2022-06-07T07:35:21","guid":{"rendered":"https:\/\/nicktesting.kinsta.cloud\/shopdiko1\/?page_id=18"},"modified":"2026-05-05T17:17:45","modified_gmt":"2026-05-05T17:17:45","slug":"home-wooshop-v1","status":"publish","type":"page","link":"https:\/\/imaqmexico.com\/","title":{"rendered":"Home"},"content":{"rendered":"\t\t<div data-elementor-type=\"wp-page\" data-elementor-id=\"18\" class=\"elementor elementor-18\">\n\t\t\t\t\t\t<section class=\"elementor-section elementor-top-section elementor-element elementor-element-638551d elementor-section-full_width elementor-section-height-default elementor-section-height-default wpr-particle-no wpr-jarallax-no wpr-parallax-no wpr-sticky-section-no\" data-id=\"638551d\" data-element_type=\"section\">\n\t\t\t\t\t\t<div class=\"elementor-container elementor-column-gap-no\">\n\t\t\t\t\t<div class=\"elementor-column elementor-col-100 elementor-top-column elementor-element elementor-element-beec109\" data-id=\"beec109\" data-element_type=\"column\">\n\t\t\t<div class=\"elementor-widget-wrap elementor-element-populated\">\n\t\t\t\t\t\t<div class=\"elementor-element elementor-element-b8cb4dd wpr-adv-slider-columns-1 wpr-adv-slider-columns--tablet1 wpr-adv-slider-columns--mobile1 wpr-adv-slides-to-scroll-1 wpr-slider-dots-horizontal wpr-slider-nav-position-custom elementor-widget elementor-widget-wpr-advanced-slider\" data-id=\"b8cb4dd\" data-element_type=\"widget\" data-settings=\"{&quot;slides_to_scroll&quot;:1,&quot;slider_autoplay&quot;:&quot;yes&quot;,&quot;slider_autoplay_duration&quot;:4,&quot;slider_loop&quot;:&quot;yes&quot;,&quot;slider_video_btn_size&quot;:&quot;medium&quot;}\" data-widget_type=\"wpr-advanced-slider.default\">\n\t\t\t\t<div class=\"elementor-widget-container\">\n\t\t\t\n\t\t<!-- Advanced Slider -->\n\t\t<div class=\"wpr-advanced-slider-wrap\">\n\t\t\t\n\t\t\t<div class=\"wpr-advanced-slider\" dir=\"ltr\" data-slick=\"{&quot;rtl&quot;:false,&quot;infinite&quot;:true,&quot;speed&quot;:700,&quot;arrows&quot;:true,&quot;dots&quot;:true,&quot;autoplay&quot;:true,&quot;autoplaySpeed&quot;:4000,&quot;pauseOnHover&quot;:&quot;yes&quot;,&quot;prevArrow&quot;:&quot;#wpr-slider-prev-b8cb4dd&quot;,&quot;nextArrow&quot;:&quot;#wpr-slider-next-b8cb4dd&quot;,&quot;vertical&quot;:false,&quot;adaptiveHeight&quot;:true}\" data-video-btn-size=\"{&quot;widescreen&quot;:&quot;medium&quot;,&quot;desktop&quot;:&quot;medium&quot;,&quot;laptop&quot;:&quot;medium&quot;,&quot;tablet_extra&quot;:&quot;medium&quot;,&quot;tablet&quot;:&quot;medium&quot;,&quot;mobile_extra&quot;:&quot;medium&quot;,&quot;mobile&quot;:&quot;medium&quot;}\" data-slide-effect=\"slide\">\n\t\t\t\t<div class=\"wpr-slider-item elementor-repeater-item-bf481a5\"><div class=\"wpr-slider-item-bg \" style=\"background-image: url(https:\/\/imaqmexico.com\/wp-content\/uploads\/2026\/04\/1-02-scaled.jpg)\"><\/div><div class=\"wpr-cv-container\"><div class=\"wpr-cv-outer\"><div class=\"wpr-cv-inner\"><\/div><\/div><\/div><\/div><div class=\"wpr-slider-item elementor-repeater-item-55abc42\"><div class=\"wpr-slider-item-bg \" style=\"background-image: url(https:\/\/imaqmexico.com\/wp-content\/uploads\/2026\/04\/1-10-scaled.jpg)\"><\/div><div class=\"wpr-cv-container\"><div class=\"wpr-cv-outer\"><div class=\"wpr-cv-inner\"><\/div><\/div><\/div><\/div><div class=\"wpr-slider-item elementor-repeater-item-c063de1\"><div class=\"wpr-slider-item-bg \" style=\"background-image: url(https:\/\/imaqmexico.com\/wp-content\/uploads\/2026\/04\/1-09-scaled.jpg)\"><\/div><div class=\"wpr-cv-container\"><div class=\"wpr-cv-outer\"><div class=\"wpr-cv-inner\"><\/div><\/div><\/div><\/div><div class=\"wpr-slider-item elementor-repeater-item-5469d6f\"><div class=\"wpr-slider-item-bg \" style=\"background-image: url(https:\/\/imaqmexico.com\/wp-content\/uploads\/2026\/04\/1-08-scaled.jpg)\"><\/div><div class=\"wpr-cv-container\"><div class=\"wpr-cv-outer\"><div class=\"wpr-cv-inner\"><\/div><\/div><\/div><\/div><div class=\"wpr-slider-item elementor-repeater-item-6019a42\"><div class=\"wpr-slider-item-bg \" style=\"background-image: url(https:\/\/imaqmexico.com\/wp-content\/uploads\/2026\/04\/1-07-scaled.jpg)\"><\/div><div class=\"wpr-cv-container\"><div class=\"wpr-cv-outer\"><div class=\"wpr-cv-inner\"><\/div><\/div><\/div><\/div><div class=\"wpr-slider-item elementor-repeater-item-9207230\"><div class=\"wpr-slider-item-bg \" style=\"background-image: url(https:\/\/imaqmexico.com\/wp-content\/uploads\/2026\/04\/1-06-scaled.jpg)\"><\/div><div class=\"wpr-cv-container\"><div class=\"wpr-cv-outer\"><div class=\"wpr-cv-inner\"><\/div><\/div><\/div><\/div><div class=\"wpr-slider-item elementor-repeater-item-418c78b\"><div class=\"wpr-slider-item-bg \" style=\"background-image: url(https:\/\/imaqmexico.com\/wp-content\/uploads\/2026\/04\/1-05-scaled.jpg)\"><\/div><div class=\"wpr-cv-container\"><div class=\"wpr-cv-outer\"><div class=\"wpr-cv-inner\"><\/div><\/div><\/div><\/div><div class=\"wpr-slider-item elementor-repeater-item-306df06\"><div class=\"wpr-slider-item-bg \" style=\"background-image: url(https:\/\/imaqmexico.com\/wp-content\/uploads\/2026\/04\/1-04-scaled.jpg)\"><\/div><div class=\"wpr-cv-container\"><div class=\"wpr-cv-outer\"><div class=\"wpr-cv-inner\"><\/div><\/div><\/div><\/div><div class=\"wpr-slider-item elementor-repeater-item-55440de\"><div class=\"wpr-slider-item-bg \" style=\"background-image: url(https:\/\/imaqmexico.com\/wp-content\/uploads\/2026\/04\/1-03-scaled.jpg)\"><\/div><div class=\"wpr-cv-container\"><div class=\"wpr-cv-outer\"><div class=\"wpr-cv-inner\"><\/div><\/div><\/div><\/div><div class=\"wpr-slider-item elementor-repeater-item-985ec5f\"><div class=\"wpr-slider-item-bg \" style=\"background-image: url(https:\/\/imaqmexico.com\/wp-content\/uploads\/2026\/04\/1_Mesa-de-trabajo-1-scaled.jpg)\"><\/div><div class=\"wpr-cv-container\"><div class=\"wpr-cv-outer\"><div class=\"wpr-cv-inner\"><\/div><\/div><\/div><\/div><div class=\"wpr-slider-item elementor-repeater-item-87b4595\"><div class=\"wpr-slider-item-bg \" style=\"background-image: url(https:\/\/imaqmexico.com\/wp-content\/uploads\/2026\/04\/1-08-1-scaled.jpg)\"><\/div><div class=\"wpr-cv-container\"><div class=\"wpr-cv-outer\"><div class=\"wpr-cv-inner\"><\/div><\/div><\/div><\/div><div class=\"wpr-slider-item elementor-repeater-item-382d6c2\"><div class=\"wpr-slider-item-bg \" style=\"background-image: url(https:\/\/imaqmexico.com\/wp-content\/uploads\/2026\/04\/1-07-1-scaled.jpg)\"><\/div><div class=\"wpr-cv-container\"><div class=\"wpr-cv-outer\"><div class=\"wpr-cv-inner\"><\/div><\/div><\/div><\/div><div class=\"wpr-slider-item elementor-repeater-item-eb467d7\"><div class=\"wpr-slider-item-bg \" style=\"background-image: url(https:\/\/imaqmexico.com\/wp-content\/uploads\/2026\/04\/1-06-1-scaled.jpg)\"><\/div><div class=\"wpr-cv-container\"><div class=\"wpr-cv-outer\"><div class=\"wpr-cv-inner\"><\/div><\/div><\/div><\/div><div class=\"wpr-slider-item elementor-repeater-item-65e760d\"><div class=\"wpr-slider-item-bg \" style=\"background-image: url(https:\/\/imaqmexico.com\/wp-content\/uploads\/2026\/04\/1-05-1-scaled.jpg)\"><\/div><div class=\"wpr-cv-container\"><div class=\"wpr-cv-outer\"><div class=\"wpr-cv-inner\"><\/div><\/div><\/div><\/div><div class=\"wpr-slider-item elementor-repeater-item-bfeeb46\"><div class=\"wpr-slider-item-bg \" style=\"background-image: url(https:\/\/imaqmexico.com\/wp-content\/uploads\/2026\/04\/1-04-1-scaled.jpg)\"><\/div><div class=\"wpr-cv-container\"><div class=\"wpr-cv-outer\"><div class=\"wpr-cv-inner\"><\/div><\/div><\/div><\/div><div class=\"wpr-slider-item elementor-repeater-item-6f8b79e\"><div class=\"wpr-slider-item-bg \" style=\"background-image: url(https:\/\/imaqmexico.com\/wp-content\/uploads\/2026\/04\/1-03-1-scaled.jpg)\"><\/div><div class=\"wpr-cv-container\"><div class=\"wpr-cv-outer\"><div class=\"wpr-cv-inner\"><\/div><\/div><\/div><\/div><div class=\"wpr-slider-item elementor-repeater-item-9c2b3a7\"><div class=\"wpr-slider-item-bg \" style=\"background-image: url(https:\/\/imaqmexico.com\/wp-content\/uploads\/2026\/04\/1-02-1-scaled.jpg)\"><\/div><div class=\"wpr-cv-container\"><div class=\"wpr-cv-outer\"><div class=\"wpr-cv-inner\"><\/div><\/div><\/div><\/div><div class=\"wpr-slider-item elementor-repeater-item-f74b7be\"><div class=\"wpr-slider-item-bg \" style=\"background-image: url(https:\/\/imaqmexico.com\/wp-content\/uploads\/2026\/04\/1_Mesa-de-trabajo-1-1-scaled.jpg)\"><\/div><div class=\"wpr-cv-container\"><div class=\"wpr-cv-outer\"><div class=\"wpr-cv-inner\"><\/div><\/div><\/div><\/div><div class=\"wpr-slider-item elementor-repeater-item-19d6544\"><div class=\"wpr-slider-item-bg \" style=\"background-image: url(https:\/\/imaqmexico.com\/wp-content\/uploads\/2025\/11\/2_Mesa-de-trabajo-1-scaled.jpg)\"><\/div><div class=\"wpr-cv-container\"><div class=\"wpr-cv-outer\"><div class=\"wpr-cv-inner\"><\/div><\/div><\/div><\/div><div class=\"wpr-slider-item elementor-repeater-item-b969923\"><div class=\"wpr-slider-item-bg \" style=\"background-image: url(https:\/\/imaqmexico.com\/wp-content\/uploads\/2025\/11\/2-02-scaled.jpg)\"><\/div><div class=\"wpr-cv-container\"><div class=\"wpr-cv-outer\"><div class=\"wpr-cv-inner\"><\/div><\/div><\/div><\/div><div class=\"wpr-slider-item elementor-repeater-item-3578dcd\"><div class=\"wpr-slider-item-bg \" style=\"background-image: url(https:\/\/imaqmexico.com\/wp-content\/uploads\/2025\/06\/web-1-02-scaled.jpg)\"><\/div><div class=\"wpr-cv-container\"><div class=\"wpr-cv-outer\"><div class=\"wpr-cv-inner\"><\/div><\/div><\/div><\/div><div class=\"wpr-slider-item elementor-repeater-item-a2ab6aa\"><div class=\"wpr-slider-item-bg \" style=\"background-image: url(https:\/\/imaqmexico.com\/wp-content\/uploads\/2025\/06\/web-1_Mesa-de-trabajo-1-scaled.jpg)\"><\/div><div class=\"wpr-cv-container\"><div class=\"wpr-cv-outer\"><div class=\"wpr-cv-inner\"><\/div><\/div><\/div><\/div><div class=\"wpr-slider-item elementor-repeater-item-3f8074a\"><div class=\"wpr-slider-item-bg \" style=\"background-image: url(https:\/\/imaqmexico.com\/wp-content\/uploads\/2024\/07\/Pecker-03-03-scaled.jpg)\"><\/div><div class=\"wpr-cv-container\"><div class=\"wpr-cv-outer\"><div class=\"wpr-cv-inner\"><\/div><\/div><\/div><\/div>\t\t\t<\/div>\n\t\t\t<div class=\"wpr-slider-controls\">\n\t\t\t\t<div class=\"wpr-slider-dots\"><\/div>\n\t\t\t<\/div>\n\n\t\t\t<div class=\"wpr-slider-arrow-container\">\n\t\t\t\t<div class=\"wpr-slider-prev-arrow wpr-slider-arrow\" id=\"wpr-slider-prev-b8cb4dd\">\n\t\t\t\t\t\t\t\t\t<\/div>\n\t\t\t\t<div class=\"wpr-slider-next-arrow wpr-slider-arrow\" id=\"wpr-slider-next-b8cb4dd\">\n\t\t\t\t\t\t\t\t\t<\/div>\n\t\t\t<\/div>\n\t\t\t\n\t\t\t<a class=\"wpr-slider-scroll-btn\" ><\/a>\n\t\t<\/div>\n\t\t\t\t<\/div>\n\t\t\t\t<\/div>\n\t\t\t\t<div class=\"elementor-element elementor-element-90082da elementor-widget elementor-widget-spacer\" data-id=\"90082da\" data-element_type=\"widget\" data-widget_type=\"spacer.default\">\n\t\t\t\t<div class=\"elementor-widget-container\">\n\t\t\t<style>\/*! elementor - v3.23.0 - 15-07-2024 *\/\n.elementor-column .elementor-spacer-inner{height:var(--spacer-size)}.e-con{--container-widget-width:100%}.e-con-inner>.elementor-widget-spacer,.e-con>.elementor-widget-spacer{width:var(--container-widget-width,var(--spacer-size));--align-self:var(--container-widget-align-self,initial);--flex-shrink:0}.e-con-inner>.elementor-widget-spacer>.elementor-widget-container,.e-con>.elementor-widget-spacer>.elementor-widget-container{height:100%;width:100%}.e-con-inner>.elementor-widget-spacer>.elementor-widget-container>.elementor-spacer,.e-con>.elementor-widget-spacer>.elementor-widget-container>.elementor-spacer{height:100%}.e-con-inner>.elementor-widget-spacer>.elementor-widget-container>.elementor-spacer>.elementor-spacer-inner,.e-con>.elementor-widget-spacer>.elementor-widget-container>.elementor-spacer>.elementor-spacer-inner{height:var(--container-widget-height,var(--spacer-size))}.e-con-inner>.elementor-widget-spacer.elementor-widget-empty,.e-con>.elementor-widget-spacer.elementor-widget-empty{position:relative;min-height:22px;min-width:22px}.e-con-inner>.elementor-widget-spacer.elementor-widget-empty .elementor-widget-empty-icon,.e-con>.elementor-widget-spacer.elementor-widget-empty .elementor-widget-empty-icon{position:absolute;top:0;bottom:0;left:0;right:0;margin:auto;padding:0;width:22px;height:22px}<\/style>\t\t<div class=\"elementor-spacer\">\n\t\t\t<div class=\"elementor-spacer-inner\"><\/div>\n\t\t<\/div>\n\t\t\t\t<\/div>\n\t\t\t\t<\/div>\n\t\t\t\t\t<\/div>\n\t\t<\/div>\n\t\t\t\t\t<\/div>\n\t\t<\/section>\n\t\t<div class=\"elementor-element elementor-element-fffa693 e-flex e-con-boxed wpr-particle-no wpr-jarallax-no wpr-parallax-no wpr-sticky-section-no e-con e-parent\" data-id=\"fffa693\" data-element_type=\"container\">\n\t\t\t\t\t<div class=\"e-con-inner\">\n\t\t<div class=\"elementor-element elementor-element-894bbc5 e-con-full e-flex wpr-particle-no wpr-jarallax-no wpr-parallax-no wpr-sticky-section-no e-con e-child\" data-id=\"894bbc5\" data-element_type=\"container\">\n\t\t\t\t<div class=\"elementor-element elementor-element-a73897c wpr-promo-box-style-cover elementor-widget elementor-widget-wpr-promo-box\" data-id=\"a73897c\" data-element_type=\"widget\" data-widget_type=\"wpr-promo-box.default\">\n\t\t\t\t<div class=\"elementor-widget-container\">\n\t\t\t\n\t\t<div class=\"wpr-promo-box wpr-animation-wrap\">\n\n\t\t\t\t\t\t\t\n\t\t\t\t\t\t\t<div class=\"wpr-promo-box-image\">\n\t\t\t\t\t<div class=\"wpr-promo-box-bg-image wpr-bg-anim-zoom-in wpr-anim-timing-ease-default\" style=\"background-image:url(https:\/\/imaqmexico.com\/wp-content\/uploads\/2024\/06\/productos-para-sublimar-epson-surecolor-f170-mexico.png);\"><\/div>\n\t\t\t\t\t<div class=\"wpr-promo-box-bg-overlay wpr-border-anim-none\"><\/div>\n\t\t\t\t<\/div>\n\t\t\t\t\t\t\n\t\t\t<div class=\"wpr-promo-box-content\">\n\n\t\t\t\t\t\t\t\t<div class=\"wpr-promo-box-icon\">\n\t\t\t\t\t\t\t\t\t<\/div>\n\t\t\t\t\n\t\t\t\t\n\t\t\t\t\n\t\t\t\t\t\t\t\t\t<div class=\"wpr-promo-box-btn-wrap\">\n\t\t\t\t\t\t<a class=\"wpr-promo-box-btn\" href=\"https:\/\/www.imaqmexico.com\/index.php\/product-category\/articulos-para-sublimacion\/\">\n\n\t\t\t\t\t\t\t\t\t\t\t\t\t\t<span class=\"wpr-promo-box-btn-text\">Art\u00edculos para sublimaci\u00f3n<\/span>\t\t\n\t\t\t\t\t\t\t\n\t\t\t\t\t\t\t\t\t\t\t\t\t<\/a>\n\t\t\t\t\t<\/div>\t\n\t\t\t\t\t\t\t<\/div>\n\n\t\t\t\t\t<\/div>\n\n\t\t\t\t<\/div>\n\t\t\t\t<\/div>\n\t\t\t\t<\/div>\n\t\t<div class=\"elementor-element elementor-element-c2fde19 e-con-full e-flex wpr-particle-no wpr-jarallax-no wpr-parallax-no wpr-sticky-section-no e-con e-child\" data-id=\"c2fde19\" data-element_type=\"container\">\n\t\t\t\t<div class=\"elementor-element elementor-element-0886f03 wpr-promo-box-style-cover elementor-widget elementor-widget-wpr-promo-box\" data-id=\"0886f03\" data-element_type=\"widget\" data-widget_type=\"wpr-promo-box.default\">\n\t\t\t\t<div class=\"elementor-widget-container\">\n\t\t\t\n\t\t<div class=\"wpr-promo-box wpr-animation-wrap\">\n\n\t\t\t\t\t\t\t\n\t\t\t\t\t\t\t<div class=\"wpr-promo-box-image\">\n\t\t\t\t\t<div class=\"wpr-promo-box-bg-image wpr-bg-anim-zoom-in wpr-anim-timing-ease-default\" style=\"background-image:url(https:\/\/imaqmexico.com\/wp-content\/uploads\/2024\/06\/cabecera-preguntas-basicas-sobre-sublimacion.jpg);\"><\/div>\n\t\t\t\t\t<div class=\"wpr-promo-box-bg-overlay wpr-border-anim-none\"><\/div>\n\t\t\t\t<\/div>\n\t\t\t\t\t\t\n\t\t\t<div class=\"wpr-promo-box-content\">\n\n\t\t\t\t\t\t\t\t<div class=\"wpr-promo-box-icon\">\n\t\t\t\t\t\t\t\t\t<\/div>\n\t\t\t\t\n\t\t\t\t\n\t\t\t\t\n\t\t\t\t\t\t\t\t\t<div class=\"wpr-promo-box-btn-wrap\">\n\t\t\t\t\t\t<a class=\"wpr-promo-box-btn\" href=\"https:\/\/www.imaqmexico.com\/index.php\/product-category\/maquinaria-para-sublimacion\/\">\n\n\t\t\t\t\t\t\t\t\t\t\t\t\t\t<span class=\"wpr-promo-box-btn-text\">Maquinaria para sublimaci\u00f3n<\/span>\t\t\n\t\t\t\t\t\t\t\n\t\t\t\t\t\t\t\t\t\t\t\t\t<\/a>\n\t\t\t\t\t<\/div>\t\n\t\t\t\t\t\t\t<\/div>\n\n\t\t\t\t\t<\/div>\n\n\t\t\t\t<\/div>\n\t\t\t\t<\/div>\n\t\t\t\t<\/div>\n\t\t<div class=\"elementor-element elementor-element-8f43115 e-con-full e-flex wpr-particle-no wpr-jarallax-no wpr-parallax-no wpr-sticky-section-no e-con e-child\" data-id=\"8f43115\" data-element_type=\"container\">\n\t\t\t\t<div class=\"elementor-element elementor-element-cf40b3a wpr-promo-box-style-cover elementor-widget elementor-widget-wpr-promo-box\" data-id=\"cf40b3a\" data-element_type=\"widget\" data-widget_type=\"wpr-promo-box.default\">\n\t\t\t\t<div class=\"elementor-widget-container\">\n\t\t\t\n\t\t<div class=\"wpr-promo-box wpr-animation-wrap\">\n\n\t\t\t\t\t\t\t\n\t\t\t\t\t\t\t<div class=\"wpr-promo-box-image\">\n\t\t\t\t\t<div class=\"wpr-promo-box-bg-image wpr-bg-anim-zoom-in wpr-anim-timing-ease-default\" style=\"background-image:url(https:\/\/imaqmexico.com\/wp-content\/uploads\/2024\/06\/4_5a92eed2-3107-4348-9a34-ef07a200064d_480x480.jpg);\"><\/div>\n\t\t\t\t\t<div class=\"wpr-promo-box-bg-overlay wpr-border-anim-none\"><\/div>\n\t\t\t\t<\/div>\n\t\t\t\t\t\t\n\t\t\t<div class=\"wpr-promo-box-content\">\n\n\t\t\t\t\t\t\t\t<div class=\"wpr-promo-box-icon\">\n\t\t\t\t\t\t\t\t\t<\/div>\n\t\t\t\t\n\t\t\t\t\n\t\t\t\t\n\t\t\t\t\t\t\t\t\t<div class=\"wpr-promo-box-btn-wrap\">\n\t\t\t\t\t\t<a class=\"wpr-promo-box-btn\" href=\"https:\/\/www.imaqmexico.com\/index.php\/product-category\/boton-publicitario\/\">\n\n\t\t\t\t\t\t\t\t\t\t\t\t\t\t<span class=\"wpr-promo-box-btn-text\">Bot\u00f3n Publicitario<\/span>\t\t\n\t\t\t\t\t\t\t\n\t\t\t\t\t\t\t\t\t\t\t\t\t<\/a>\n\t\t\t\t\t<\/div>\t\n\t\t\t\t\t\t\t<\/div>\n\n\t\t\t\t\t<\/div>\n\n\t\t\t\t<\/div>\n\t\t\t\t<\/div>\n\t\t\t\t<\/div>\n\t\t<div class=\"elementor-element elementor-element-5bc73d1 e-con-full e-flex wpr-particle-no wpr-jarallax-no wpr-parallax-no wpr-sticky-section-no e-con e-child\" data-id=\"5bc73d1\" data-element_type=\"container\">\n\t\t\t\t<div class=\"elementor-element elementor-element-d21c47e wpr-promo-box-style-cover elementor-widget elementor-widget-wpr-promo-box\" data-id=\"d21c47e\" data-element_type=\"widget\" data-widget_type=\"wpr-promo-box.default\">\n\t\t\t\t<div class=\"elementor-widget-container\">\n\t\t\t\n\t\t<div class=\"wpr-promo-box wpr-animation-wrap\">\n\n\t\t\t\t\t\t\t\n\t\t\t\t\t\t\t<div class=\"wpr-promo-box-image\">\n\t\t\t\t\t<div class=\"wpr-promo-box-bg-image wpr-bg-anim-zoom-in wpr-anim-timing-ease-default\" style=\"background-image:url(https:\/\/imaqmexico.com\/wp-content\/uploads\/2024\/06\/banner-mkt-a-wood-signage.jpg);\"><\/div>\n\t\t\t\t\t<div class=\"wpr-promo-box-bg-overlay wpr-border-anim-none\"><\/div>\n\t\t\t\t<\/div>\n\t\t\t\t\t\t\n\t\t\t<div class=\"wpr-promo-box-content\">\n\n\t\t\t\t\t\t\t\t<div class=\"wpr-promo-box-icon\">\n\t\t\t\t\t\t\t\t\t<\/div>\n\t\t\t\t\n\t\t\t\t\n\t\t\t\t\n\t\t\t\t\t\t\t\t\t<div class=\"wpr-promo-box-btn-wrap\">\n\t\t\t\t\t\t<a class=\"wpr-promo-box-btn\" href=\"https:\/\/www.imaqmexico.com\/index.php\/product-category\/articulos-para-grabado-laser\/\">\n\n\t\t\t\t\t\t\t\t\t\t\t\t\t\t<span class=\"wpr-promo-box-btn-text\">Art\u00edculos de Grabado Laser<\/span>\t\t\n\t\t\t\t\t\t\t\n\t\t\t\t\t\t\t\t\t\t\t\t\t<\/a>\n\t\t\t\t\t<\/div>\t\n\t\t\t\t\t\t\t<\/div>\n\n\t\t\t\t\t<\/div>\n\n\t\t\t\t<\/div>\n\t\t\t\t<\/div>\n\t\t\t\t<\/div>\n\t\t<div class=\"elementor-element elementor-element-1744d1e e-con-full e-flex wpr-particle-no wpr-jarallax-no wpr-parallax-no wpr-sticky-section-no e-con e-child\" data-id=\"1744d1e\" data-element_type=\"container\">\n\t\t\t\t<div class=\"elementor-element elementor-element-219bc3e wpr-promo-box-style-cover elementor-widget elementor-widget-wpr-promo-box\" data-id=\"219bc3e\" data-element_type=\"widget\" data-widget_type=\"wpr-promo-box.default\">\n\t\t\t\t<div class=\"elementor-widget-container\">\n\t\t\t\n\t\t<div class=\"wpr-promo-box wpr-animation-wrap\">\n\n\t\t\t\t\t\t\t\n\t\t\t\t\t\t\t<div class=\"wpr-promo-box-image\">\n\t\t\t\t\t<div class=\"wpr-promo-box-bg-image wpr-bg-anim-zoom-in wpr-anim-timing-ease-default\" style=\"background-image:url(https:\/\/imaqmexico.com\/wp-content\/uploads\/2024\/06\/LP4KV-scaled.jpg);\"><\/div>\n\t\t\t\t\t<div class=\"wpr-promo-box-bg-overlay wpr-border-anim-none\"><\/div>\n\t\t\t\t<\/div>\n\t\t\t\t\t\t\n\t\t\t<div class=\"wpr-promo-box-content\">\n\n\t\t\t\t\t\t\t\t<div class=\"wpr-promo-box-icon\">\n\t\t\t\t\t\t\t\t\t<\/div>\n\t\t\t\t\n\t\t\t\t\n\t\t\t\t\n\t\t\t\t\t\t\t\t\t<div class=\"wpr-promo-box-btn-wrap\">\n\t\t\t\t\t\t<a class=\"wpr-promo-box-btn\" href=\"https:\/\/www.imaqmexico.com\/index.php\/product-category\/maquinaria-para-grabado-laser\/\">\n\n\t\t\t\t\t\t\t\t\t\t\t\t\t\t<span class=\"wpr-promo-box-btn-text\">Maquinaria Grabado Laser<\/span>\t\t\n\t\t\t\t\t\t\t\n\t\t\t\t\t\t\t\t\t\t\t\t\t<\/a>\n\t\t\t\t\t<\/div>\t\n\t\t\t\t\t\t\t<\/div>\n\n\t\t\t\t\t<\/div>\n\n\t\t\t\t<\/div>\n\t\t\t\t<\/div>\n\t\t\t\t<\/div>\n\t\t<div class=\"elementor-element elementor-element-740c047 e-con-full e-flex wpr-particle-no wpr-jarallax-no wpr-parallax-no wpr-sticky-section-no e-con e-child\" data-id=\"740c047\" data-element_type=\"container\">\n\t\t\t\t<div class=\"elementor-element elementor-element-1119c47 wpr-promo-box-style-cover elementor-widget elementor-widget-wpr-promo-box\" data-id=\"1119c47\" data-element_type=\"widget\" data-widget_type=\"wpr-promo-box.default\">\n\t\t\t\t<div class=\"elementor-widget-container\">\n\t\t\t\n\t\t<div class=\"wpr-promo-box wpr-animation-wrap\">\n\n\t\t\t\t\t\t\t\n\t\t\t\t\t\t\t<div class=\"wpr-promo-box-image\">\n\t\t\t\t\t<div class=\"wpr-promo-box-bg-image wpr-bg-anim-zoom-in wpr-anim-timing-ease-default\" style=\"background-image:url(https:\/\/imaqmexico.com\/wp-content\/uploads\/2024\/06\/Impresora-L1300_Kit.jpg);\"><\/div>\n\t\t\t\t\t<div class=\"wpr-promo-box-bg-overlay wpr-border-anim-none\"><\/div>\n\t\t\t\t<\/div>\n\t\t\t\t\t\t\n\t\t\t<div class=\"wpr-promo-box-content\">\n\n\t\t\t\t\t\t\t\t<div class=\"wpr-promo-box-icon\">\n\t\t\t\t\t\t\t\t\t<\/div>\n\t\t\t\t\n\t\t\t\t\n\t\t\t\t\n\t\t\t\t\t\t\t\t\t<div class=\"wpr-promo-box-btn-wrap\">\n\t\t\t\t\t\t<a class=\"wpr-promo-box-btn\" href=\"https:\/\/www.imaqmexico.com\/index.php\/product-category\/Complementos\/\">\n\n\t\t\t\t\t\t\t\t\t\t\t\t\t\t<span class=\"wpr-promo-box-btn-text\">Complementos<\/span>\t\t\n\t\t\t\t\t\t\t\n\t\t\t\t\t\t\t\t\t\t\t\t\t<\/a>\n\t\t\t\t\t<\/div>\t\n\t\t\t\t\t\t\t<\/div>\n\n\t\t\t\t\t<\/div>\n\n\t\t\t\t<\/div>\n\t\t\t\t<\/div>\n\t\t\t\t<\/div>\n\t\t\t\t\t<\/div>\n\t\t\t\t<\/div>\n\t\t\t\t<section class=\"elementor-section elementor-top-section elementor-element elementor-element-2f899db elementor-section-content-middle elementor-section-boxed elementor-section-height-default elementor-section-height-default wpr-particle-no wpr-jarallax-no wpr-parallax-no wpr-sticky-section-no elementor-invisible\" data-id=\"2f899db\" data-element_type=\"section\" data-settings=\"{&quot;animation&quot;:&quot;fadeIn&quot;}\">\n\t\t\t\t\t\t<div class=\"elementor-container elementor-column-gap-default\">\n\t\t\t\t\t<div class=\"elementor-column elementor-col-50 elementor-top-column elementor-element elementor-element-aed3399\" data-id=\"aed3399\" data-element_type=\"column\">\n\t\t\t<div class=\"elementor-widget-wrap elementor-element-populated\">\n\t\t\t\t\t\t<div class=\"elementor-element elementor-element-6d8f5f6 wpr-promo-box-style-cover elementor-widget elementor-widget-wpr-promo-box\" data-id=\"6d8f5f6\" data-element_type=\"widget\" data-widget_type=\"wpr-promo-box.default\">\n\t\t\t\t<div class=\"elementor-widget-container\">\n\t\t\t\n\t\t<div class=\"wpr-promo-box wpr-animation-wrap\">\n\n\t\t\t\t\t\t\t\n\t\t\t\t\t\t\t<div class=\"wpr-promo-box-image\">\n\t\t\t\t\t<div class=\"wpr-promo-box-bg-image wpr-bg-anim-none wpr-anim-timing-ease-default\" style=\"background-image:url(https:\/\/imaqmexico.com\/wp-content\/uploads\/2024\/07\/Pecker-Cat-03-scaled.jpg);\"><\/div>\n\t\t\t\t\t<div class=\"wpr-promo-box-bg-overlay wpr-border-anim-apollo\"><\/div>\n\t\t\t\t<\/div>\n\t\t\t\t\t\t\n\t\t\t<div class=\"wpr-promo-box-content\">\n\n\t\t\t\t\n\t\t\t\t\n\t\t\t\t\n\t\t\t\t\t\t\t\t\t<div class=\"wpr-promo-box-btn-wrap\">\n\t\t\t\t\t\t<a class=\"wpr-promo-box-btn\" href=\"https:\/\/imaqmexico.com\/fichas\/laserpeckerlp4.pdf\">\n\n\t\t\t\t\t\t\t\t\t\t\t\t\t\t<span class=\"wpr-promo-box-btn-text\">Conoce m\u00e1s<\/span>\t\t\n\t\t\t\t\t\t\t\n\t\t\t\t\t\t\t\t\t\t\t\t\t<\/a>\n\t\t\t\t\t<\/div>\t\n\t\t\t\t\t\t\t<\/div>\n\n\t\t\t\t\t<\/div>\n\n\t\t\t\t<\/div>\n\t\t\t\t<\/div>\n\t\t\t\t\t<\/div>\n\t\t<\/div>\n\t\t\t\t<div class=\"elementor-column elementor-col-50 elementor-top-column elementor-element elementor-element-0887efb\" data-id=\"0887efb\" data-element_type=\"column\">\n\t\t\t<div class=\"elementor-widget-wrap elementor-element-populated\">\n\t\t\t\t\t\t<div class=\"elementor-element elementor-element-f40f770 wpr-promo-box-style-cover elementor-widget elementor-widget-wpr-promo-box\" data-id=\"f40f770\" data-element_type=\"widget\" data-widget_type=\"wpr-promo-box.default\">\n\t\t\t\t<div class=\"elementor-widget-container\">\n\t\t\t\n\t\t<div class=\"wpr-promo-box wpr-animation-wrap\">\n\n\t\t\t\t\t\t\t\n\t\t\t\t\t\t\t<div class=\"wpr-promo-box-image\">\n\t\t\t\t\t<div class=\"wpr-promo-box-bg-image wpr-bg-anim-none wpr-anim-timing-ease-default\" style=\"background-image:url(https:\/\/imaqmexico.com\/wp-content\/uploads\/2026\/02\/icono.jpg.jpeg);\"><\/div>\n\t\t\t\t\t<div class=\"wpr-promo-box-bg-overlay wpr-border-anim-apollo\"><\/div>\n\t\t\t\t<\/div>\n\t\t\t\t\t\t\n\t\t\t<div class=\"wpr-promo-box-content\">\n\n\t\t\t\t\t\t\t\t<div class=\"wpr-promo-box-icon\">\n\t\t\t\t\t\t\t\t\t<\/div>\n\t\t\t\t\n\t\t\t\t\n\t\t\t\t\n\t\t\t\t\t\t\t\t\t<div class=\"wpr-promo-box-btn-wrap\">\n\t\t\t\t\t\t<a class=\"wpr-promo-box-btn\" href=\"https:\/\/imaqmexico.com\/wp-content\/uploads\/2026\/02\/CATALOGO_IMAQ_2026.pdf\" target=\"_blank\">\n\n\t\t\t\t\t\t\t\t\t\t\t\t\t\t<span class=\"wpr-promo-box-btn-text\">Descarga nuestro cat\u00e1logo<\/span>\t\t\n\t\t\t\t\t\t\t\n\t\t\t\t\t\t\t\t\t\t\t\t\t<\/a>\n\t\t\t\t\t<\/div>\t\n\t\t\t\t\t\t\t<\/div>\n\n\t\t\t\t\t<\/div>\n\n\t\t\t\t<\/div>\n\t\t\t\t<\/div>\n\t\t\t\t\t<\/div>\n\t\t<\/div>\n\t\t\t\t\t<\/div>\n\t\t<\/section>\n\t\t\t\t<\/div>\n\t\t","protected":false},"excerpt":{"rendered":"<p>Art\u00edculos para sublimaci\u00f3n Maquinaria para sublimaci\u00f3n Bot\u00f3n Publicitario Art\u00edculos de Grabado Laser Maquinaria Grabado Laser Complementos Conoce m\u00e1s Descarga nuestro cat\u00e1logo<\/p>\n","protected":false},"author":1,"featured_media":0,"parent":0,"menu_order":0,"comment_status":"closed","ping_status":"closed","template":"elementor_canvas","meta":{"_eb_attr":"","footnotes":""},"_links":{"self":[{"href":"https:\/\/imaqmexico.com\/index.php\/wp-json\/wp\/v2\/pages\/18"}],"collection":[{"href":"https:\/\/imaqmexico.com\/index.php\/wp-json\/wp\/v2\/pages"}],"about":[{"href":"https:\/\/imaqmexico.com\/index.php\/wp-json\/wp\/v2\/types\/page"}],"author":[{"embeddable":true,"href":"https:\/\/imaqmexico.com\/index.php\/wp-json\/wp\/v2\/users\/1"}],"replies":[{"embeddable":true,"href":"https:\/\/imaqmexico.com\/index.php\/wp-json\/wp\/v2\/comments?post=18"}],"version-history":[{"count":744,"href":"https:\/\/imaqmexico.com\/index.php\/wp-json\/wp\/v2\/pages\/18\/revisions"}],"predecessor-version":[{"id":20462,"href":"https:\/\/imaqmexico.com\/index.php\/wp-json\/wp\/v2\/pages\/18\/revisions\/20462"}],"wp:attachment":[{"href":"https:\/\/imaqmexico.com\/index.php\/wp-json\/wp\/v2\/media?parent=18"}],"curies":[{"name":"wp","href":"https:\/\/api.w.org\/{rel}","templated":true}]}}